{"id":12808,"date":"2023-12-13T09:06:39","date_gmt":"2023-12-13T08:06:39","guid":{"rendered":"https:\/\/viva-ferien.ch\/acquistare-un-appartamento-a-st-moritz-engadina\/"},"modified":"2024-05-28T15:01:29","modified_gmt":"2024-05-28T13:01:29","slug":"acquistare-un-appartamento-a-st-moritz-engadina","status":"publish","type":"page","link":"https:\/\/viva-ferien.ch\/it\/acquistare-un-appartamento-a-st-moritz-engadina\/","title":{"rendered":"Acquistare un appartamento a St. Moritz &#8211; Engadina"},"content":{"rendered":"\t\t<div data-elementor-type=\"wp-page\" data-elementor-id=\"12808\" class=\"elementor elementor-12808 elementor-11454\" data-elementor-post-type=\"page\">\n\t\t\t\t\t\t\t\t\t<section class=\"elementor-section elementor-top-section elementor-element elementor-element-1f45db04 elementor-section-full_width elementor-section-height-default elementor-section-height-default\" data-id=\"1f45db04\" data-element_type=\"section\">\n\t\t\t\t\t\t<div class=\"elementor-container elementor-column-gap-default\">\n\t\t\t\t\t<div class=\"elementor-column elementor-col-100 elementor-top-column elementor-element elementor-element-121e923e\" data-id=\"121e923e\" data-element_type=\"column\">\n\t\t\t<div class=\"elementor-widget-wrap elementor-element-populated\">\n\t\t\t\t\t\t\t\t<div class=\"elementor-element elementor-element-2c6f5321 elementor-widget elementor-widget-template\" data-id=\"2c6f5321\" data-element_type=\"widget\" data-widget_type=\"template.default\">\n\t\t\t\t<div class=\"elementor-widget-container\">\n\t\t\t\t\t<div class=\"elementor-template\">\n\t\t\t\t\t<div data-elementor-type=\"section\" data-elementor-id=\"5202\" class=\"elementor elementor-5202\" data-elementor-post-type=\"elementor_library\">\n\t\t\t\t\t\t\t\t<section class=\"elementor-section elementor-top-section elementor-element elementor-element-5c4d34f0 elementor-section-height-min-height elementor-section-items-stretch hero-section elementor-section-boxed elementor-section-height-default\" data-id=\"5c4d34f0\" data-element_type=\"section\" data-settings=\"{&quot;background_background&quot;:&quot;classic&quot;}\">\n\t\t\t\t\t\t\t<div class=\"elementor-background-overlay\"><\/div>\n\t\t\t\t\t\t\t<div class=\"elementor-container elementor-column-gap-default\">\n\t\t\t\t\t<div class=\"elementor-column elementor-col-100 elementor-top-column elementor-element elementor-element-59da9fc4\" data-id=\"59da9fc4\" data-element_type=\"column\">\n\t\t\t<div class=\"elementor-widget-wrap elementor-element-populated\">\n\t\t\t\t\t\t\t\t<div class=\"elementor-element elementor-element-3cf229f8 h2 elementor-widget elementor-widget-heading\" data-id=\"3cf229f8\" data-element_type=\"widget\" data-widget_type=\"heading.default\">\n\t\t\t\t<div class=\"elementor-widget-container\">\n\t\t\t<style>\/*! elementor - v3.15.0 - 20-08-2023 *\/\n.elementor-heading-title{padding:0;margin:0;line-height:1}.elementor-widget-heading .elementor-heading-title[class*=elementor-size-]>a{color:inherit;font-size:inherit;line-height:inherit}.elementor-widget-heading .elementor-heading-title.elementor-size-small{font-size:15px}.elementor-widget-heading .elementor-heading-title.elementor-size-medium{font-size:19px}.elementor-widget-heading .elementor-heading-title.elementor-size-large{font-size:29px}.elementor-widget-heading .elementor-heading-title.elementor-size-xl{font-size:39px}.elementor-widget-heading .elementor-heading-title.elementor-size-xxl{font-size:59px}<\/style><h1 class=\"elementor-heading-title elementor-size-default\">Acquistare un appartamento a St. Moritz &#8211; Engadina<\/h1>\t\t<\/div>\n\t\t\t\t<\/div>\n\t\t\t\t\t<\/div>\n\t\t<\/div>\n\t\t\t\t\t\t\t<\/div>\n\t\t<\/section>\n\t\t\t\t\t\t<\/div>\n\t\t\t\t<\/div>\n\t\t\t\t<\/div>\n\t\t\t\t<\/div>\n\t\t\t\t\t<\/div>\n\t\t<\/div>\n\t\t\t\t\t\t\t<\/div>\n\t\t<\/section>\n\t\t\t\t<section class=\"elementor-section elementor-top-section elementor-element elementor-element-5ae7f47f default-container elementor-section-boxed elementor-section-height-default elementor-section-height-default\" data-id=\"5ae7f47f\" data-element_type=\"section\">\n\t\t\t\t\t\t<div class=\"elementor-container elementor-column-gap-default\">\n\t\t\t\t\t<div class=\"elementor-column elementor-col-100 elementor-top-column elementor-element elementor-element-2b2f0500\" data-id=\"2b2f0500\" data-element_type=\"column\">\n\t\t\t<div class=\"elementor-widget-wrap elementor-element-populated\">\n\t\t\t\t\t\t\t\t<div class=\"elementor-element elementor-element-4653546d elementor-widget elementor-widget-breadcrumbs\" data-id=\"4653546d\" data-element_type=\"widget\" data-widget_type=\"breadcrumbs.default\">\n\t\t\t\t<div class=\"elementor-widget-container\">\n\t\t\t<link rel=\"stylesheet\" href=\"https:\/\/viva-ferien.ch\/wp-content\/plugins\/elementor-pro\/assets\/css\/widget-theme-elements.min.css\"><p id=\"breadcrumbs\"><span><span><a href=\"https:\/\/viva-ferien.ch\/it\/\">VIVA<\/a><\/span><\/span><\/p>\t\t<\/div>\n\t\t\t\t<\/div>\n\t\t\t\t<div class=\"elementor-element elementor-element-3d5c7c69 elementor-widget elementor-widget-heading\" data-id=\"3d5c7c69\" data-element_type=\"widget\" data-widget_type=\"heading.default\">\n\t\t\t\t<div class=\"elementor-widget-container\">\n\t\t\t<h2 class=\"elementor-heading-title elementor-size-default\">La vostra propriet\u00e0 nelle maestose Alpi svizzere<\/h2>\t\t<\/div>\n\t\t\t\t<\/div>\n\t\t\t\t<div class=\"elementor-element elementor-element-b3d2fc3 elementor-widget elementor-widget-text-editor\" data-id=\"b3d2fc3\" data-element_type=\"widget\" data-widget_type=\"text-editor.default\">\n\t\t\t\t<div class=\"elementor-widget-container\">\n\t\t\t<style>\/*! elementor - v3.15.0 - 20-08-2023 *\/\n.elementor-widget-text-editor.elementor-drop-cap-view-stacked .elementor-drop-cap{background-color:#69727d;color:#fff}.elementor-widget-text-editor.elementor-drop-cap-view-framed .elementor-drop-cap{color:#69727d;border:3px solid;background-color:transparent}.elementor-widget-text-editor:not(.elementor-drop-cap-view-default) .elementor-drop-cap{margin-top:8px}.elementor-widget-text-editor:not(.elementor-drop-cap-view-default) .elementor-drop-cap-letter{width:1em;height:1em}.elementor-widget-text-editor .elementor-drop-cap{float:left;text-align:center;line-height:1;font-size:50px}.elementor-widget-text-editor .elementor-drop-cap-letter{display:inline-block}<\/style>\t\t\t\t<p>La nostra piattaforma esclusiva per l&#8217;acquisto di appartamenti a St. Moritz &#8211; Engadina, un gioiello delle Alpi svizzere. Famosa per il suo glamour e per il paesaggio lacustre mozzafiato, St. Moritz-Engadina \u00e8 sinonimo di vita di lusso e bellezza naturale. La nostra selezione di appartamenti riflette l&#8217;unicit\u00e0 e il fascino irresistibile di questa rinomata destinazione alpina. Dalle maestose vette alle sofisticate boutique e ai ristoranti di prima classe, St. Moritz offre una qualit\u00e0 di vita senza pari. In qualit\u00e0 di esperti di immobili in questa regione esclusiva, conosciamo le complessit\u00e0 del mercato e siamo orgogliosi di presentare una gamma completa di appartamenti che soddisfano anche gli standard pi\u00f9 esigenti. Scoprite con noi l&#8217;incomparabile magia di St. Moritz e trovate qui l&#8217;appartamento dei vostri sogni per godere appieno dello squisito stile di vita alpino. Realizza la casa dei tuoi sogni a St. Moritz &#8211; Engadina &#8211; <strong>Acquista un appartamento a St. Moritz &#8211; Engadina<\/strong> con noi!<\/p>\n\t\t\t\t\t\t<\/div>\n\t\t\t\t<\/div>\n\t\t\t\t\t<\/div>\n\t\t<\/div>\n\t\t\t\t\t\t\t<\/div>\n\t\t<\/section>\n\t\t\t\t<section class=\"elementor-section elementor-top-section elementor-element elementor-element-49c71f1c default-container elementor-section-boxed elementor-section-height-default elementor-section-height-default\" data-id=\"49c71f1c\" data-element_type=\"section\">\n\t\t\t\t\t\t<div class=\"elementor-container elementor-column-gap-default\">\n\t\t\t\t\t<div class=\"elementor-column elementor-col-100 elementor-top-column elementor-element elementor-element-533130ef\" data-id=\"533130ef\" data-element_type=\"column\">\n\t\t\t<div class=\"elementor-widget-wrap elementor-element-populated\">\n\t\t\t\t\t\t\t\t<div class=\"elementor-element elementor-element-53f0e092 elementor-widget elementor-widget-heading\" data-id=\"53f0e092\" data-element_type=\"widget\" data-widget_type=\"heading.default\">\n\t\t\t\t<div class=\"elementor-widget-container\">\n\t\t\t<h2 class=\"elementor-heading-title elementor-size-default\">Acquistare un appartamento a St. Moritz - Engadina<\/h2>\t\t<\/div>\n\t\t\t\t<\/div>\n\t\t\t\t<div class=\"elementor-element elementor-element-75a39d6d elementor-widget elementor-widget-text-editor\" data-id=\"75a39d6d\" data-element_type=\"widget\" data-widget_type=\"text-editor.default\">\n\t\t\t\t<div class=\"elementor-widget-container\">\n\t\t\t\t\t\t\t<p>In uno scenario alpino unico, St. Moritz si presenta come un centro unico per una vita di alto livello nella pi\u00f9 bella valle alpina ENGADINA. <strong>Acquistare un appartamento a St. Moritz &#8211; Engadina<\/strong> non significa solo acquistare un immobile, ma anche entrare in uno stile di vita esclusivo. I nostri appartamenti, accuratamente selezionati, riflettono il fascino ineguagliabile di questa rinomata destinazione. Da moderni appartamenti con atmosfera alpina e vista panoramica agli alloggi tradizionali a prezzi equi.<\/p>\n\t\t\t\t\t\t<\/div>\n\t\t\t\t<\/div>\n\t\t\t\t<div class=\"elementor-element elementor-element-ea71a8e elementor-widget elementor-widget-button\" data-id=\"ea71a8e\" data-element_type=\"widget\" data-widget_type=\"button.default\">\n\t\t\t\t<div class=\"elementor-widget-container\">\n\t\t\t\t\t<div class=\"elementor-button-wrapper\">\n\t\t\t<a class=\"elementor-button elementor-button-link elementor-size-sm\" href=\"https:\/\/viva-ferien.ch\/immobilien\/de\/angebote\/\">\n\t\t\t\t\t\t<span class=\"elementor-button-content-wrapper\">\n\t\t\t\t\t\t<span class=\"elementor-button-text\">Scoprite la nostra offerta<\/span>\n\t\t<\/span>\n\t\t\t\t\t<\/a>\n\t\t<\/div>\n\t\t\t\t<\/div>\n\t\t\t\t<\/div>\n\t\t\t\t<div class=\"elementor-element elementor-element-61d833b elementor-widget elementor-widget-text-editor\" data-id=\"61d833b\" data-element_type=\"widget\" data-widget_type=\"text-editor.default\">\n\t\t\t\t<div class=\"elementor-widget-container\">\n\t\t\t\t\t\t\t<p>Il mercato immobiliare di <a title=\"https:\/\/viva-ferien.ch\/de\/ortschaften\/st-moritz\/\" href=\"https:\/\/viva-ferien.ch\/it\/localita\/st-moritz\/\" data-ogsc=\"\">St. Moritz<\/a> &#8211; Engadina \u00e8 caratterizzato dall&#8217;esclusivit\u00e0 e, in qualit\u00e0 di azienda locale fondata nel 1992, comprendiamo l&#8217;unicit\u00e0 di ogni offerta. La nostra esperienza ci permette di presentare soluzioni personalizzate che soddisfano gli standard pi\u00f9 esigenti. L&#8217;<strong>acquisto di un appartamento a St. Moritz &#8211; Engadina<\/strong> richiede un&#8217;attenta analisi per garantire il massimo comfort abitativo e l&#8217;attrattiva dell&#8217;investimento.<\/p>\n<p>Immergetevi nel mondo di St. Moritz, assicuratevi il vostro rifugio e sperimentate il lusso e la natura in perfetta armonia. Trovate con noi l&#8217;appartamento dei vostri sogni e realizzate la casa dei vostri sogni a St. Moritz, l&#8217;emblema dell&#8217;eleganza e dell&#8217;esclusivit\u00e0.<\/p>\n\t\t\t\t\t\t<\/div>\n\t\t\t\t<\/div>\n\t\t\t\t<div class=\"elementor-element elementor-element-4e82405b elementor-widget elementor-widget-spacer\" data-id=\"4e82405b\" data-element_type=\"widget\" data-widget_type=\"spacer.default\">\n\t\t\t\t<div class=\"elementor-widget-container\">\n\t\t\t<style>\/*! elementor - v3.15.0 - 20-08-2023 *\/\n.elementor-column .elementor-spacer-inner{height:var(--spacer-size)}.e-con{--container-widget-width:100%}.e-con-inner>.elementor-widget-spacer,.e-con>.elementor-widget-spacer{width:var(--container-widget-width,var(--spacer-size));--align-self:var(--container-widget-align-self,initial);--flex-shrink:0}.e-con-inner>.elementor-widget-spacer>.elementor-widget-container,.e-con-inner>.elementor-widget-spacer>.elementor-widget-container>.elementor-spacer,.e-con>.elementor-widget-spacer>.elementor-widget-container,.e-con>.elementor-widget-spacer>.elementor-widget-container>.elementor-spacer{height:100%}.e-con-inner>.elementor-widget-spacer>.elementor-widget-container>.elementor-spacer>.elementor-spacer-inner,.e-con>.elementor-widget-spacer>.elementor-widget-container>.elementor-spacer>.elementor-spacer-inner{height:var(--container-widget-height,var(--spacer-size))}<\/style>\t\t<div class=\"elementor-spacer\">\n\t\t\t<div class=\"elementor-spacer-inner\"><\/div>\n\t\t<\/div>\n\t\t\t\t<\/div>\n\t\t\t\t<\/div>\n\t\t\t\t<div class=\"elementor-element elementor-element-27d30c3 elementor-widget elementor-widget-heading\" data-id=\"27d30c3\" data-element_type=\"widget\" data-widget_type=\"heading.default\">\n\t\t\t\t<div class=\"elementor-widget-container\">\n\t\t\t<h2 class=\"elementor-heading-title elementor-size-default\">L'esclusivit\u00e0 di St. Moritz - Engadina<\/h2>\t\t<\/div>\n\t\t\t\t<\/div>\n\t\t\t\t<div class=\"elementor-element elementor-element-4e140c30 elementor-widget elementor-widget-text-editor\" data-id=\"4e140c30\" data-element_type=\"widget\" data-widget_type=\"text-editor.default\">\n\t\t\t\t<div class=\"elementor-widget-container\">\n\t\t\t\t\t\t\t<p>Sperimentate l&#8217;esclusivit\u00e0 senza pari dell&#8217;<strong>acquisto di un appartamento a St. Moritz<\/strong> &#8211; l&#8217;epitome della lussuosa vita alpina. La nostra selezione di propriet\u00e0 selezionate in questa prestigiosa regione rappresenta un&#8217;opportunit\u00e0 di investimento unica. St Moritz, famosa per il suo glamour e le sue bellezze naturali mozzafiato, non offre solo un luogo in cui vivere, ma un&#8217;esperienza di vita di altissima qualit\u00e0.<\/p>\n\t\t\t\t\t\t<\/div>\n\t\t\t\t<\/div>\n\t\t\t\t<div class=\"elementor-element elementor-element-48014d5 elementor-widget elementor-widget-image\" data-id=\"48014d5\" data-element_type=\"widget\" data-widget_type=\"image.default\">\n\t\t\t\t<div class=\"elementor-widget-container\">\n\t\t\t<style>\/*! elementor - v3.15.0 - 20-08-2023 *\/\n.elementor-widget-image{text-align:center}.elementor-widget-image a{display:inline-block}.elementor-widget-image a img[src$=\".svg\"]{width:48px}.elementor-widget-image img{vertical-align:middle;display:inline-block}<\/style>\t\t\t\t\t\t\t\t\t\t\t\t<img loading=\"lazy\" decoding=\"async\" width=\"1024\" height=\"640\" src=\"https:\/\/viva-ferien.ch\/wp-content\/uploads\/2024\/01\/st.-moritz-1024x640.jpg\" class=\"attachment-large size-large wp-image-11675\" alt=\"\" srcset=\"https:\/\/viva-ferien.ch\/wp-content\/uploads\/2024\/01\/st.-moritz-1024x640.jpg 1024w, https:\/\/viva-ferien.ch\/wp-content\/uploads\/2024\/01\/st.-moritz-300x188.jpg 300w, https:\/\/viva-ferien.ch\/wp-content\/uploads\/2024\/01\/st.-moritz-768x480.jpg 768w, https:\/\/viva-ferien.ch\/wp-content\/uploads\/2024\/01\/st.-moritz-1536x960.jpg 1536w, https:\/\/viva-ferien.ch\/wp-content\/uploads\/2024\/01\/st.-moritz.jpg 1689w\" sizes=\"(max-width: 1024px) 100vw, 1024px\" \/>\t\t\t\t\t\t\t\t\t\t\t\t\t\t\t<\/div>\n\t\t\t\t<\/div>\n\t\t\t\t<div class=\"elementor-element elementor-element-24abfd59 elementor-widget elementor-widget-spacer\" data-id=\"24abfd59\" data-element_type=\"widget\" data-widget_type=\"spacer.default\">\n\t\t\t\t<div class=\"elementor-widget-container\">\n\t\t\t\t\t<div class=\"elementor-spacer\">\n\t\t\t<div class=\"elementor-spacer-inner\"><\/div>\n\t\t<\/div>\n\t\t\t\t<\/div>\n\t\t\t\t<\/div>\n\t\t\t\t<div class=\"elementor-element elementor-element-6e704cda elementor-widget elementor-widget-text-editor\" data-id=\"6e704cda\" data-element_type=\"widget\" data-widget_type=\"text-editor.default\">\n\t\t\t\t<div class=\"elementor-widget-container\">\n\t\t\t\t\t\t\t<p>L&#8217;<strong>acquisto di un appartamento a St. Moritz<\/strong> offre molti vantaggi esclusivi: circondate da cime maestose, le propriet\u00e0 offrono un panorama mozafiato. La vicinanza a ristoranti di prima classe e boutique alla moda rende St. Moritz un paradiso per i buongustai e gli amanti dello shopping. Inoltre, potrete beneficiare della posizione esclusiva in una delle localit\u00e0 sciistiche pi\u00f9 rinomate al mondo. Cogliete l&#8217;opportunit\u00e0 di vivere le piste perfettamente preparate e la magia invernale di St. Moritz direttamente dalla vostra porta di casa. L&#8217;<strong>acquisto di un appartamento a St. Moritz &#8211; Engadina<\/strong> \u00e8 la chiave per una vita lussuosa e per un divertimento sportivo e ricreativo senza limiti.<\/p>\n\t\t\t\t\t\t<\/div>\n\t\t\t\t<\/div>\n\t\t\t\t<div class=\"elementor-element elementor-element-fea7f9d elementor-widget elementor-widget-button\" data-id=\"fea7f9d\" data-element_type=\"widget\" data-widget_type=\"button.default\">\n\t\t\t\t<div class=\"elementor-widget-container\">\n\t\t\t\t\t<div class=\"elementor-button-wrapper\">\n\t\t\t<a class=\"elementor-button elementor-button-link elementor-size-sm\" href=\"https:\/\/viva-ferien.ch\/immobilien\/it\/\">\n\t\t\t\t\t\t<span class=\"elementor-button-content-wrapper\">\n\t\t\t\t\t\t<span class=\"elementor-button-text\">Scoprite le propriet\u00e0<\/span>\n\t\t<\/span>\n\t\t\t\t\t<\/a>\n\t\t<\/div>\n\t\t\t\t<\/div>\n\t\t\t\t<\/div>\n\t\t\t\t<div class=\"elementor-element elementor-element-e18478d elementor-widget elementor-widget-spacer\" data-id=\"e18478d\" data-element_type=\"widget\" data-widget_type=\"spacer.default\">\n\t\t\t\t<div class=\"elementor-widget-container\">\n\t\t\t\t\t<div class=\"elementor-spacer\">\n\t\t\t<div class=\"elementor-spacer-inner\"><\/div>\n\t\t<\/div>\n\t\t\t\t<\/div>\n\t\t\t\t<\/div>\n\t\t\t\t\t<\/div>\n\t\t<\/div>\n\t\t\t\t\t\t\t<\/div>\n\t\t<\/section>\n\t\t\t\t\t\t\t<\/div>\n\t\t","protected":false},"excerpt":{"rendered":"<p>La vostra propriet\u00e0 nelle maestose Alpi svizzere La nostra piattaforma esclusiva per l&#8217;acquisto di appartamenti a St. Moritz &#8211; Engadina, un gioiello delle Alpi svizzere. Famosa per il suo glamour e per il paesaggio lacustre mozzafiato, St. Moritz-Engadina \u00e8 sinonimo di vita di lusso e bellezza naturale. La nostra selezione di appartamenti riflette l&#8217;unicit\u00e0 e [&hellip;]<\/p>\n","protected":false},"author":1,"featured_media":11828,"parent":0,"menu_order":0,"comment_status":"closed","ping_status":"closed","template":"elementor_header_footer","meta":{"_acf_changed":false,"footnotes":""},"landingpage":[44],"acf":[],"yoast_head":"<!-- This site is optimized with the Yoast SEO plugin v22.3 - https:\/\/yoast.com\/wordpress\/plugins\/seo\/ -->\n<title>Acquistare un appartamento a St. Moritz - Engadina - VIVA-Ferien<\/title>\n<meta name=\"description\" content=\"Acquistare un appartamento a St. Moritz - Engadina non significa solo acquistare un immobile, ma anche entrare in uno stile di vita.\" \/>\n<meta name=\"robots\" content=\"index, follow, max-snippet:-1, max-image-preview:large, max-video-preview:-1\" \/>\n<link rel=\"canonical\" href=\"https:\/\/viva-ferien.ch\/it\/acquistare-un-appartamento-a-st-moritz-engadina\/\" \/>\n<meta property=\"og:locale\" content=\"it_IT\" \/>\n<meta property=\"og:type\" content=\"article\" \/>\n<meta property=\"og:title\" content=\"Acquistare un appartamento a St. Moritz - Engadina - VIVA-Ferien\" \/>\n<meta property=\"og:description\" content=\"Acquistare un appartamento a St. Moritz - Engadina non significa solo acquistare un immobile, ma anche entrare in uno stile di vita.\" \/>\n<meta property=\"og:url\" content=\"https:\/\/viva-ferien.ch\/it\/acquistare-un-appartamento-a-st-moritz-engadina\/\" \/>\n<meta property=\"og:site_name\" content=\"VIVA-Ferien\" \/>\n<meta property=\"article:modified_time\" content=\"2024-05-28T13:01:29+00:00\" \/>\n<meta property=\"og:image\" content=\"https:\/\/viva-ferien.ch\/wp-content\/uploads\/2024\/02\/K1600_Headerbild-Ortschaft-Pontresina-scaled.jpg\" \/>\n\t<meta property=\"og:image:width\" content=\"2560\" \/>\n\t<meta property=\"og:image:height\" content=\"955\" \/>\n\t<meta property=\"og:image:type\" content=\"image\/jpeg\" \/>\n<meta name=\"twitter:card\" content=\"summary_large_image\" \/>\n<meta name=\"twitter:label1\" content=\"Tempo di lettura stimato\" \/>\n\t<meta name=\"twitter:data1\" content=\"3 minuti\" \/>\n<script type=\"application\/ld+json\" class=\"yoast-schema-graph\">{\"@context\":\"https:\/\/schema.org\",\"@graph\":[{\"@type\":\"WebPage\",\"@id\":\"https:\/\/viva-ferien.ch\/it\/acquistare-un-appartamento-a-st-moritz-engadina\/\",\"url\":\"https:\/\/viva-ferien.ch\/it\/acquistare-un-appartamento-a-st-moritz-engadina\/\",\"name\":\"Acquistare un appartamento a St. Moritz - Engadina - VIVA-Ferien\",\"isPartOf\":{\"@id\":\"https:\/\/viva-ferien.ch\/it\/#website\"},\"primaryImageOfPage\":{\"@id\":\"https:\/\/viva-ferien.ch\/it\/acquistare-un-appartamento-a-st-moritz-engadina\/#primaryimage\"},\"image\":{\"@id\":\"https:\/\/viva-ferien.ch\/it\/acquistare-un-appartamento-a-st-moritz-engadina\/#primaryimage\"},\"thumbnailUrl\":\"https:\/\/viva-ferien.ch\/wp-content\/uploads\/2024\/02\/K1600_Headerbild-Ortschaft-Pontresina-scaled.jpg\",\"datePublished\":\"2023-12-13T08:06:39+00:00\",\"dateModified\":\"2024-05-28T13:01:29+00:00\",\"description\":\"Acquistare un appartamento a St. Moritz - Engadina non significa solo acquistare un immobile, ma anche entrare in uno stile di vita.\",\"breadcrumb\":{\"@id\":\"https:\/\/viva-ferien.ch\/it\/acquistare-un-appartamento-a-st-moritz-engadina\/#breadcrumb\"},\"inLanguage\":\"it-IT\",\"potentialAction\":[{\"@type\":\"ReadAction\",\"target\":[\"https:\/\/viva-ferien.ch\/it\/acquistare-un-appartamento-a-st-moritz-engadina\/\"]}]},{\"@type\":\"ImageObject\",\"inLanguage\":\"it-IT\",\"@id\":\"https:\/\/viva-ferien.ch\/it\/acquistare-un-appartamento-a-st-moritz-engadina\/#primaryimage\",\"url\":\"https:\/\/viva-ferien.ch\/wp-content\/uploads\/2024\/02\/K1600_Headerbild-Ortschaft-Pontresina-scaled.jpg\",\"contentUrl\":\"https:\/\/viva-ferien.ch\/wp-content\/uploads\/2024\/02\/K1600_Headerbild-Ortschaft-Pontresina-scaled.jpg\",\"width\":2560,\"height\":955,\"caption\":\"wohnung kaufen st moritz\"},{\"@type\":\"BreadcrumbList\",\"@id\":\"https:\/\/viva-ferien.ch\/it\/acquistare-un-appartamento-a-st-moritz-engadina\/#breadcrumb\",\"itemListElement\":[{\"@type\":\"ListItem\",\"position\":1,\"name\":\"VIVA\",\"item\":\"https:\/\/viva-ferien.ch\/it\/\"},{\"@type\":\"ListItem\",\"position\":2,\"name\":\"Acquistare un appartamento a St. Moritz &#8211; Engadina\"}]},{\"@type\":\"WebSite\",\"@id\":\"https:\/\/viva-ferien.ch\/it\/#website\",\"url\":\"https:\/\/viva-ferien.ch\/it\/\",\"name\":\"VIVA-Ferien\",\"description\":\"Ferienwohnungen, Rental, Immobilien, Real Estate, St. Moritz, Engadin.\",\"potentialAction\":[{\"@type\":\"SearchAction\",\"target\":{\"@type\":\"EntryPoint\",\"urlTemplate\":\"https:\/\/viva-ferien.ch\/it\/?s={search_term_string}\"},\"query-input\":\"required name=search_term_string\"}],\"inLanguage\":\"it-IT\"}]}<\/script>\n<!-- \/ Yoast SEO plugin. -->","yoast_head_json":{"title":"Acquistare un appartamento a St. Moritz - Engadina - VIVA-Ferien","description":"Acquistare un appartamento a St. Moritz - Engadina non significa solo acquistare un immobile, ma anche entrare in uno stile di vita.","robots":{"index":"index","follow":"follow","max-snippet":"max-snippet:-1","max-image-preview":"max-image-preview:large","max-video-preview":"max-video-preview:-1"},"canonical":"https:\/\/viva-ferien.ch\/it\/acquistare-un-appartamento-a-st-moritz-engadina\/","og_locale":"it_IT","og_type":"article","og_title":"Acquistare un appartamento a St. Moritz - Engadina - VIVA-Ferien","og_description":"Acquistare un appartamento a St. Moritz - Engadina non significa solo acquistare un immobile, ma anche entrare in uno stile di vita.","og_url":"https:\/\/viva-ferien.ch\/it\/acquistare-un-appartamento-a-st-moritz-engadina\/","og_site_name":"VIVA-Ferien","article_modified_time":"2024-05-28T13:01:29+00:00","og_image":[{"width":2560,"height":955,"url":"https:\/\/viva-ferien.ch\/wp-content\/uploads\/2024\/02\/K1600_Headerbild-Ortschaft-Pontresina-scaled.jpg","type":"image\/jpeg"}],"twitter_card":"summary_large_image","twitter_misc":{"Tempo di lettura stimato":"3 minuti"},"schema":{"@context":"https:\/\/schema.org","@graph":[{"@type":"WebPage","@id":"https:\/\/viva-ferien.ch\/it\/acquistare-un-appartamento-a-st-moritz-engadina\/","url":"https:\/\/viva-ferien.ch\/it\/acquistare-un-appartamento-a-st-moritz-engadina\/","name":"Acquistare un appartamento a St. Moritz - Engadina - VIVA-Ferien","isPartOf":{"@id":"https:\/\/viva-ferien.ch\/it\/#website"},"primaryImageOfPage":{"@id":"https:\/\/viva-ferien.ch\/it\/acquistare-un-appartamento-a-st-moritz-engadina\/#primaryimage"},"image":{"@id":"https:\/\/viva-ferien.ch\/it\/acquistare-un-appartamento-a-st-moritz-engadina\/#primaryimage"},"thumbnailUrl":"https:\/\/viva-ferien.ch\/wp-content\/uploads\/2024\/02\/K1600_Headerbild-Ortschaft-Pontresina-scaled.jpg","datePublished":"2023-12-13T08:06:39+00:00","dateModified":"2024-05-28T13:01:29+00:00","description":"Acquistare un appartamento a St. Moritz - Engadina non significa solo acquistare un immobile, ma anche entrare in uno stile di vita.","breadcrumb":{"@id":"https:\/\/viva-ferien.ch\/it\/acquistare-un-appartamento-a-st-moritz-engadina\/#breadcrumb"},"inLanguage":"it-IT","potentialAction":[{"@type":"ReadAction","target":["https:\/\/viva-ferien.ch\/it\/acquistare-un-appartamento-a-st-moritz-engadina\/"]}]},{"@type":"ImageObject","inLanguage":"it-IT","@id":"https:\/\/viva-ferien.ch\/it\/acquistare-un-appartamento-a-st-moritz-engadina\/#primaryimage","url":"https:\/\/viva-ferien.ch\/wp-content\/uploads\/2024\/02\/K1600_Headerbild-Ortschaft-Pontresina-scaled.jpg","contentUrl":"https:\/\/viva-ferien.ch\/wp-content\/uploads\/2024\/02\/K1600_Headerbild-Ortschaft-Pontresina-scaled.jpg","width":2560,"height":955,"caption":"wohnung kaufen st moritz"},{"@type":"BreadcrumbList","@id":"https:\/\/viva-ferien.ch\/it\/acquistare-un-appartamento-a-st-moritz-engadina\/#breadcrumb","itemListElement":[{"@type":"ListItem","position":1,"name":"VIVA","item":"https:\/\/viva-ferien.ch\/it\/"},{"@type":"ListItem","position":2,"name":"Acquistare un appartamento a St. Moritz &#8211; Engadina"}]},{"@type":"WebSite","@id":"https:\/\/viva-ferien.ch\/it\/#website","url":"https:\/\/viva-ferien.ch\/it\/","name":"VIVA-Ferien","description":"Ferienwohnungen, Rental, Immobilien, Real Estate, St. Moritz, Engadin.","potentialAction":[{"@type":"SearchAction","target":{"@type":"EntryPoint","urlTemplate":"https:\/\/viva-ferien.ch\/it\/?s={search_term_string}"},"query-input":"required name=search_term_string"}],"inLanguage":"it-IT"}]}},"_links":{"self":[{"href":"https:\/\/viva-ferien.ch\/it\/wp-json\/wp\/v2\/pages\/12808"}],"collection":[{"href":"https:\/\/viva-ferien.ch\/it\/wp-json\/wp\/v2\/pages"}],"about":[{"href":"https:\/\/viva-ferien.ch\/it\/wp-json\/wp\/v2\/types\/page"}],"author":[{"embeddable":true,"href":"https:\/\/viva-ferien.ch\/it\/wp-json\/wp\/v2\/users\/1"}],"replies":[{"embeddable":true,"href":"https:\/\/viva-ferien.ch\/it\/wp-json\/wp\/v2\/comments?post=12808"}],"version-history":[{"count":1,"href":"https:\/\/viva-ferien.ch\/it\/wp-json\/wp\/v2\/pages\/12808\/revisions"}],"predecessor-version":[{"id":12809,"href":"https:\/\/viva-ferien.ch\/it\/wp-json\/wp\/v2\/pages\/12808\/revisions\/12809"}],"wp:featuredmedia":[{"embeddable":true,"href":"https:\/\/viva-ferien.ch\/it\/wp-json\/wp\/v2\/media\/11828"}],"wp:attachment":[{"href":"https:\/\/viva-ferien.ch\/it\/wp-json\/wp\/v2\/media?parent=12808"}],"wp:term":[{"taxonomy":"landingpage","embeddable":true,"href":"https:\/\/viva-ferien.ch\/it\/wp-json\/wp\/v2\/landingpage?post=12808"}],"curies":[{"name":"wp","href":"https:\/\/api.w.org\/{rel}","templated":true}]}}