{"id":144,"date":"2022-11-14T11:31:27","date_gmt":"2022-11-14T10:31:27","guid":{"rendered":"https:\/\/viva-ferien.ch\/immobilien\/?page_id=144"},"modified":"2023-02-13T17:39:23","modified_gmt":"2023-02-13T16:39:23","slug":"impressum","status":"publish","type":"page","link":"https:\/\/viva-ferien.ch\/immobilien\/de\/impressum\/","title":{"rendered":"Impressum"},"content":{"rendered":"\t\t<div data-elementor-type=\"wp-page\" data-elementor-id=\"144\" class=\"elementor elementor-144\" data-elementor-post-type=\"page\">\n\t\t\t\t\t\t\t\t\t<section class=\"elementor-section elementor-top-section elementor-element elementor-element-7679e109 elementor-section-full_width elementor-section-height-default elementor-section-height-default\" data-id=\"7679e109\" data-element_type=\"section\">\n\t\t\t\t\t\t<div class=\"elementor-container elementor-column-gap-default\">\n\t\t\t\t\t<div class=\"elementor-column elementor-col-100 elementor-top-column elementor-element elementor-element-6690dbf6\" data-id=\"6690dbf6\" data-element_type=\"column\">\n\t\t\t<div class=\"elementor-widget-wrap elementor-element-populated\">\n\t\t\t\t\t\t\t\t<div class=\"elementor-element elementor-element-22e6a9f5 elementor-widget elementor-widget-template\" data-id=\"22e6a9f5\" data-element_type=\"widget\" data-widget_type=\"template.default\">\n\t\t\t\t<div class=\"elementor-widget-container\">\n\t\t\t\t\t<div class=\"elementor-template\">\n\t\t\t\t\t<div data-elementor-type=\"section\" data-elementor-id=\"5202\" class=\"elementor elementor-5202\" data-elementor-post-type=\"elementor_library\">\n\t\t\t\t\t\t\t\t<section class=\"elementor-section elementor-top-section elementor-element elementor-element-5c4d34f0 elementor-section-height-min-height elementor-section-items-stretch hero-section elementor-section-boxed elementor-section-height-default\" data-id=\"5c4d34f0\" data-element_type=\"section\" data-settings=\"{&quot;background_background&quot;:&quot;classic&quot;}\">\n\t\t\t\t\t\t\t<div class=\"elementor-background-overlay\"><\/div>\n\t\t\t\t\t\t\t<div class=\"elementor-container elementor-column-gap-default\">\n\t\t\t\t\t<div class=\"elementor-column elementor-col-100 elementor-top-column elementor-element elementor-element-59da9fc4\" data-id=\"59da9fc4\" data-element_type=\"column\">\n\t\t\t<div class=\"elementor-widget-wrap elementor-element-populated\">\n\t\t\t\t\t\t\t\t<div class=\"elementor-element elementor-element-3cf229f8 h2 elementor-widget elementor-widget-heading\" data-id=\"3cf229f8\" data-element_type=\"widget\" data-widget_type=\"heading.default\">\n\t\t\t\t<div class=\"elementor-widget-container\">\n\t\t\t<style>\/*! elementor - v3.15.0 - 20-08-2023 *\/\n.elementor-heading-title{padding:0;margin:0;line-height:1}.elementor-widget-heading .elementor-heading-title[class*=elementor-size-]>a{color:inherit;font-size:inherit;line-height:inherit}.elementor-widget-heading .elementor-heading-title.elementor-size-small{font-size:15px}.elementor-widget-heading .elementor-heading-title.elementor-size-medium{font-size:19px}.elementor-widget-heading .elementor-heading-title.elementor-size-large{font-size:29px}.elementor-widget-heading .elementor-heading-title.elementor-size-xl{font-size:39px}.elementor-widget-heading .elementor-heading-title.elementor-size-xxl{font-size:59px}<\/style><h1 class=\"elementor-heading-title elementor-size-default\">Impressum<\/h1>\t\t<\/div>\n\t\t\t\t<\/div>\n\t\t\t\t\t<\/div>\n\t\t<\/div>\n\t\t\t\t\t\t\t<\/div>\n\t\t<\/section>\n\t\t\t\t\t\t<\/div>\n\t\t\t\t<\/div>\n\t\t\t\t<\/div>\n\t\t\t\t<\/div>\n\t\t\t\t\t<\/div>\n\t\t<\/div>\n\t\t\t\t\t\t\t<\/div>\n\t\t<\/section>\n\t\t\t\t<section class=\"elementor-section elementor-top-section elementor-element elementor-element-af8eff0 elementor-section-boxed elementor-section-height-default elementor-section-height-default\" data-id=\"af8eff0\" data-element_type=\"section\">\n\t\t\t\t\t\t<div class=\"elementor-container elementor-column-gap-default\">\n\t\t\t\t\t<div class=\"elementor-column elementor-col-100 elementor-top-column elementor-element elementor-element-11277ea\" data-id=\"11277ea\" data-element_type=\"column\">\n\t\t\t<div class=\"elementor-widget-wrap elementor-element-populated\">\n\t\t\t\t\t\t\t\t<div class=\"elementor-element elementor-element-665d547 elementor-widget elementor-widget-text-editor\" data-id=\"665d547\" data-element_type=\"widget\" data-widget_type=\"text-editor.default\">\n\t\t\t\t<div class=\"elementor-widget-container\">\n\t\t\t<style>\/*! elementor - v3.15.0 - 20-08-2023 *\/\n.elementor-widget-text-editor.elementor-drop-cap-view-stacked .elementor-drop-cap{background-color:#69727d;color:#fff}.elementor-widget-text-editor.elementor-drop-cap-view-framed .elementor-drop-cap{color:#69727d;border:3px solid;background-color:transparent}.elementor-widget-text-editor:not(.elementor-drop-cap-view-default) .elementor-drop-cap{margin-top:8px}.elementor-widget-text-editor:not(.elementor-drop-cap-view-default) .elementor-drop-cap-letter{width:1em;height:1em}.elementor-widget-text-editor .elementor-drop-cap{float:left;text-align:center;line-height:1;font-size:50px}.elementor-widget-text-editor .elementor-drop-cap-letter{display:inline-block}<\/style>\t\t\t\t<p><strong>Verantwortlich f\u00fcr den Inhalt dieser Webseite<\/strong><\/p><p>VIVA-Ferien<br \/>Via Maistra 41, 7500 St. Moritz<br \/>Email: rental@viva-ferien.ch<br \/>Telefon: +41 81 833 08 00<br \/>Handelsregister-Nummer: CH-350.1.002.134-0<\/p><p><strong>Copyright<\/strong><\/p><p>Das Copyright f\u00fcr s\u00e4mtliche Inhalte dieser Website liegt bei VIVA-Ferien, Via Maistra 41, 7500 St. Moritz<\/p>\t\t\t\t\t\t<\/div>\n\t\t\t\t<\/div>\n\t\t\t\t\t<\/div>\n\t\t<\/div>\n\t\t\t\t\t\t\t<\/div>\n\t\t<\/section>\n\t\t\t\t<section class=\"elementor-section elementor-top-section elementor-element elementor-element-dd129ed elementor-section-boxed elementor-section-height-default elementor-section-height-default\" data-id=\"dd129ed\" data-element_type=\"section\">\n\t\t\t\t\t\t<div class=\"elementor-container elementor-column-gap-default\">\n\t\t\t\t\t<div class=\"elementor-column elementor-col-50 elementor-top-column elementor-element elementor-element-6a022ab\" data-id=\"6a022ab\" data-element_type=\"column\">\n\t\t\t<div class=\"elementor-widget-wrap elementor-element-populated\">\n\t\t\t\t\t\t\t\t<div class=\"elementor-element elementor-element-9e98e0d elementor-widget elementor-widget-text-editor\" data-id=\"9e98e0d\" data-element_type=\"widget\" data-widget_type=\"text-editor.default\">\n\t\t\t\t<div class=\"elementor-widget-container\">\n\t\t\t\t\t\t\t<p><strong>Disclaimer<\/strong><\/p><p>Alle Texte und Links wurden sorgf\u00e4ltig gepr\u00fcft und werden laufend aktualisiert. Wir sind bem\u00fcht, richtige und vollst\u00e4ndige Informationen auf dieser Website bereitzustellen, \u00fcbernehmen aber keinerlei Verantwortung, Garantien oder Haftung daf\u00fcr, dass die durch diese Website bereitgestellten Informationen, richtig, vollst\u00e4ndig oder aktuell sind. Wir behalten uns das Recht vor, jederzeit und ohne Vorank\u00fcndigung die Informationen auf dieser Website zu \u00e4ndern und verpflichten uns auch nicht, die enthaltenen Informationen zu aktualisieren. Alle Links zu externen Anbietern wurden zum Zeitpunkt ihrer Aufnahme auf ihre Richtigkeit \u00fcberpr\u00fcft, dennoch haften wir nicht f\u00fcr Inhalte und Verf\u00fcgbarkeit von Websites, die mittels Hyperlinks zu erreichen sind. F\u00fcr illegale, fehlerhafte oder unvollst\u00e4ndige Inhalte und insbesondere f\u00fcr Sch\u00e4den, die durch Inhalte verkn\u00fcpfter Seiten entstehen, haftet allein der Anbieter der Seite, auf welche verwiesen wurde. Dabei ist es gleichg\u00fcltig, ob der Schaden direkter, indirekter oder finanzieller Natur ist oder ein sonstiger Schaden vorliegt, der sich aus Datenverlust, Nutzungsausfall oder anderen Gr\u00fcnden aller Art ergeben k\u00f6nnte.<\/p>\t\t\t\t\t\t<\/div>\n\t\t\t\t<\/div>\n\t\t\t\t\t<\/div>\n\t\t<\/div>\n\t\t\t\t<div class=\"elementor-column elementor-col-50 elementor-top-column elementor-element elementor-element-9983a2e\" data-id=\"9983a2e\" data-element_type=\"column\">\n\t\t\t<div class=\"elementor-widget-wrap\">\n\t\t\t\t\t\t\t\t\t<\/div>\n\t\t<\/div>\n\t\t\t\t\t\t\t<\/div>\n\t\t<\/section>\n\t\t\t\t<section class=\"elementor-section elementor-top-section elementor-element elementor-element-77f6f26 elementor-section-boxed elementor-section-height-default elementor-section-height-default\" data-id=\"77f6f26\" data-element_type=\"section\">\n\t\t\t\t\t\t<div class=\"elementor-container elementor-column-gap-default\">\n\t\t\t\t\t<div class=\"elementor-column elementor-col-100 elementor-top-column elementor-element elementor-element-39b5e8f\" data-id=\"39b5e8f\" data-element_type=\"column\">\n\t\t\t<div class=\"elementor-widget-wrap elementor-element-populated\">\n\t\t\t\t\t\t\t\t<div class=\"elementor-element elementor-element-5a3bf02 elementor-widget elementor-widget-text-editor\" data-id=\"5a3bf02\" data-element_type=\"widget\" data-widget_type=\"text-editor.default\">\n\t\t\t\t<div class=\"elementor-widget-container\">\n\t\t\t\t\t\t\t<p><strong>Quellenangaben f\u00fcr verwendete Fotos<\/strong><\/p><p>Andrea Furger | <a href=\"http:\/\/andreafurger.com\">andreafurger.com<\/a><br \/>Engadin Tourismus | <a href=\"http:\/\/engadin.ch\">engadin.ch<\/a><\/p>\t\t\t\t\t\t<\/div>\n\t\t\t\t<\/div>\n\t\t\t\t\t<\/div>\n\t\t<\/div>\n\t\t\t\t\t\t\t<\/div>\n\t\t<\/section>\n\t\t\t\t\t\t\t<\/div>\n\t\t","protected":false},"excerpt":{"rendered":"<p>Verantwortlich f\u00fcr den Inhalt dieser Webseite VIVA-FerienVia Maistra 41, 7500 St. MoritzEmail: rental@viva-ferien.chTelefon: +41 81 833 08 00Handelsregister-Nummer: CH-350.1.002.134-0 Copyright Das Copyright f\u00fcr s\u00e4mtliche Inhalte dieser Website liegt bei VIVA-Ferien, Via Maistra 41, 7500 St. Moritz Disclaimer Alle Texte und Links wurden sorgf\u00e4ltig gepr\u00fcft und werden laufend aktualisiert. Wir sind bem\u00fcht, richtige und vollst\u00e4ndige Informationen [&hellip;]<\/p>\n","protected":false},"author":1,"featured_media":0,"parent":0,"menu_order":0,"comment_status":"closed","ping_status":"closed","template":"elementor_header_footer","meta":{"footnotes":""},"acf":[],"yoast_head":"<!-- This site is optimized with the Yoast SEO plugin v20.13 - https:\/\/yoast.com\/wordpress\/plugins\/seo\/ -->\n<title>Impressum - VIVA-Immobilien<\/title>\n<meta name=\"robots\" content=\"index, follow, max-snippet:-1, max-image-preview:large, max-video-preview:-1\" \/>\n<link rel=\"canonical\" href=\"https:\/\/viva-ferien.ch\/immobilien\/de\/impressum\/\" \/>\n<meta property=\"og:locale\" content=\"de_DE\" \/>\n<meta property=\"og:type\" content=\"article\" \/>\n<meta property=\"og:title\" content=\"Impressum - VIVA-Immobilien\" \/>\n<meta property=\"og:description\" content=\"Verantwortlich f\u00fcr den Inhalt dieser Webseite VIVA-FerienVia Maistra 41, 7500 St. MoritzEmail: rental@viva-ferien.chTelefon: +41 81 833 08 00Handelsregister-Nummer: CH-350.1.002.134-0 Copyright Das Copyright f\u00fcr s\u00e4mtliche Inhalte dieser Website liegt bei VIVA-Ferien, Via Maistra 41, 7500 St. Moritz Disclaimer Alle Texte und Links wurden sorgf\u00e4ltig gepr\u00fcft und werden laufend aktualisiert. Wir sind bem\u00fcht, richtige und vollst\u00e4ndige Informationen [&hellip;]\" \/>\n<meta property=\"og:url\" content=\"https:\/\/viva-ferien.ch\/immobilien\/de\/impressum\/\" \/>\n<meta property=\"og:site_name\" content=\"VIVA-Immobilien\" \/>\n<meta property=\"article:modified_time\" content=\"2023-02-13T16:39:23+00:00\" \/>\n<meta name=\"twitter:card\" content=\"summary_large_image\" \/>\n<meta name=\"twitter:label1\" content=\"Gesch\u00e4tzte Lesezeit\" \/>\n\t<meta name=\"twitter:data1\" content=\"2\u00a0Minuten\" \/>\n<script type=\"application\/ld+json\" class=\"yoast-schema-graph\">{\"@context\":\"https:\/\/schema.org\",\"@graph\":[{\"@type\":\"WebPage\",\"@id\":\"https:\/\/viva-ferien.ch\/immobilien\/de\/impressum\/\",\"url\":\"https:\/\/viva-ferien.ch\/immobilien\/de\/impressum\/\",\"name\":\"Impressum - VIVA-Immobilien\",\"isPartOf\":{\"@id\":\"https:\/\/viva-ferien.ch\/immobilien\/de\/#website\"},\"datePublished\":\"2022-11-14T10:31:27+00:00\",\"dateModified\":\"2023-02-13T16:39:23+00:00\",\"breadcrumb\":{\"@id\":\"https:\/\/viva-ferien.ch\/immobilien\/de\/impressum\/#breadcrumb\"},\"inLanguage\":\"de\",\"potentialAction\":[{\"@type\":\"ReadAction\",\"target\":[\"https:\/\/viva-ferien.ch\/immobilien\/de\/impressum\/\"]}]},{\"@type\":\"BreadcrumbList\",\"@id\":\"https:\/\/viva-ferien.ch\/immobilien\/de\/impressum\/#breadcrumb\",\"itemListElement\":[{\"@type\":\"ListItem\",\"position\":1,\"name\":\"VIVA\",\"item\":\"https:\/\/viva-ferien.ch\/immobilien\/de\/\"},{\"@type\":\"ListItem\",\"position\":2,\"name\":\"Impressum\"}]},{\"@type\":\"WebSite\",\"@id\":\"https:\/\/viva-ferien.ch\/immobilien\/de\/#website\",\"url\":\"https:\/\/viva-ferien.ch\/immobilien\/de\/\",\"name\":\"VIVA-Immobilien\",\"description\":\"Ferienwohnungen, Rental, Immobilien, Real Estate, St. Moritz, Engadin.\",\"potentialAction\":[{\"@type\":\"SearchAction\",\"target\":{\"@type\":\"EntryPoint\",\"urlTemplate\":\"https:\/\/viva-ferien.ch\/immobilien\/de\/?s={search_term_string}\"},\"query-input\":\"required name=search_term_string\"}],\"inLanguage\":\"de\"}]}<\/script>\n<!-- \/ Yoast SEO plugin. -->","yoast_head_json":{"title":"Impressum - VIVA-Immobilien","robots":{"index":"index","follow":"follow","max-snippet":"max-snippet:-1","max-image-preview":"max-image-preview:large","max-video-preview":"max-video-preview:-1"},"canonical":"https:\/\/viva-ferien.ch\/immobilien\/de\/impressum\/","og_locale":"de_DE","og_type":"article","og_title":"Impressum - VIVA-Immobilien","og_description":"Verantwortlich f\u00fcr den Inhalt dieser Webseite VIVA-FerienVia Maistra 41, 7500 St. MoritzEmail: rental@viva-ferien.chTelefon: +41 81 833 08 00Handelsregister-Nummer: CH-350.1.002.134-0 Copyright Das Copyright f\u00fcr s\u00e4mtliche Inhalte dieser Website liegt bei VIVA-Ferien, Via Maistra 41, 7500 St. Moritz Disclaimer Alle Texte und Links wurden sorgf\u00e4ltig gepr\u00fcft und werden laufend aktualisiert. Wir sind bem\u00fcht, richtige und vollst\u00e4ndige Informationen [&hellip;]","og_url":"https:\/\/viva-ferien.ch\/immobilien\/de\/impressum\/","og_site_name":"VIVA-Immobilien","article_modified_time":"2023-02-13T16:39:23+00:00","twitter_card":"summary_large_image","twitter_misc":{"Gesch\u00e4tzte Lesezeit":"2\u00a0Minuten"},"schema":{"@context":"https:\/\/schema.org","@graph":[{"@type":"WebPage","@id":"https:\/\/viva-ferien.ch\/immobilien\/de\/impressum\/","url":"https:\/\/viva-ferien.ch\/immobilien\/de\/impressum\/","name":"Impressum - VIVA-Immobilien","isPartOf":{"@id":"https:\/\/viva-ferien.ch\/immobilien\/de\/#website"},"datePublished":"2022-11-14T10:31:27+00:00","dateModified":"2023-02-13T16:39:23+00:00","breadcrumb":{"@id":"https:\/\/viva-ferien.ch\/immobilien\/de\/impressum\/#breadcrumb"},"inLanguage":"de","potentialAction":[{"@type":"ReadAction","target":["https:\/\/viva-ferien.ch\/immobilien\/de\/impressum\/"]}]},{"@type":"BreadcrumbList","@id":"https:\/\/viva-ferien.ch\/immobilien\/de\/impressum\/#breadcrumb","itemListElement":[{"@type":"ListItem","position":1,"name":"VIVA","item":"https:\/\/viva-ferien.ch\/immobilien\/de\/"},{"@type":"ListItem","position":2,"name":"Impressum"}]},{"@type":"WebSite","@id":"https:\/\/viva-ferien.ch\/immobilien\/de\/#website","url":"https:\/\/viva-ferien.ch\/immobilien\/de\/","name":"VIVA-Immobilien","description":"Ferienwohnungen, Rental, Immobilien, Real Estate, St. Moritz, Engadin.","potentialAction":[{"@type":"SearchAction","target":{"@type":"EntryPoint","urlTemplate":"https:\/\/viva-ferien.ch\/immobilien\/de\/?s={search_term_string}"},"query-input":"required name=search_term_string"}],"inLanguage":"de"}]}},"_links":{"self":[{"href":"https:\/\/viva-ferien.ch\/immobilien\/de\/wp-json\/wp\/v2\/pages\/144"}],"collection":[{"href":"https:\/\/viva-ferien.ch\/immobilien\/de\/wp-json\/wp\/v2\/pages"}],"about":[{"href":"https:\/\/viva-ferien.ch\/immobilien\/de\/wp-json\/wp\/v2\/types\/page"}],"author":[{"embeddable":true,"href":"https:\/\/viva-ferien.ch\/immobilien\/de\/wp-json\/wp\/v2\/users\/1"}],"replies":[{"embeddable":true,"href":"https:\/\/viva-ferien.ch\/immobilien\/de\/wp-json\/wp\/v2\/comments?post=144"}],"version-history":[{"count":20,"href":"https:\/\/viva-ferien.ch\/immobilien\/de\/wp-json\/wp\/v2\/pages\/144\/revisions"}],"predecessor-version":[{"id":8043,"href":"https:\/\/viva-ferien.ch\/immobilien\/de\/wp-json\/wp\/v2\/pages\/144\/revisions\/8043"}],"wp:attachment":[{"href":"https:\/\/viva-ferien.ch\/immobilien\/de\/wp-json\/wp\/v2\/media?parent=144"}],"curies":[{"name":"wp","href":"https:\/\/api.w.org\/{rel}","templated":true}]}}