{"id":146,"date":"2022-11-14T11:31:45","date_gmt":"2022-11-14T10:31:45","guid":{"rendered":"https:\/\/viva-ferien.ch\/?page_id=146"},"modified":"2024-03-22T12:05:34","modified_gmt":"2024-03-22T11:05:34","slug":"agb","status":"publish","type":"page","link":"https:\/\/viva-ferien.ch\/de\/agb\/","title":{"rendered":"AGB"},"content":{"rendered":"\t\t<div data-elementor-type=\"wp-page\" data-elementor-id=\"146\" class=\"elementor elementor-146\" data-elementor-post-type=\"page\">\n\t\t\t\t\t\t\t\t\t<section class=\"elementor-section elementor-top-section elementor-element elementor-element-64948343 elementor-section-full_width elementor-section-height-default elementor-section-height-default\" data-id=\"64948343\" data-element_type=\"section\">\n\t\t\t\t\t\t<div class=\"elementor-container elementor-column-gap-default\">\n\t\t\t\t\t<div class=\"elementor-column elementor-col-100 elementor-top-column elementor-element elementor-element-6018adda\" data-id=\"6018adda\" data-element_type=\"column\">\n\t\t\t<div class=\"elementor-widget-wrap elementor-element-populated\">\n\t\t\t\t\t\t\t\t<div class=\"elementor-element elementor-element-263e9182 elementor-widget elementor-widget-template\" data-id=\"263e9182\" data-element_type=\"widget\" data-widget_type=\"template.default\">\n\t\t\t\t<div class=\"elementor-widget-container\">\n\t\t\t\t\t<div class=\"elementor-template\">\n\t\t\t\t\t<div data-elementor-type=\"section\" data-elementor-id=\"5202\" class=\"elementor elementor-5202\" data-elementor-post-type=\"elementor_library\">\n\t\t\t\t\t\t\t\t<section class=\"elementor-section elementor-top-section elementor-element elementor-element-5c4d34f0 elementor-section-height-min-height elementor-section-items-stretch hero-section elementor-section-boxed elementor-section-height-default\" data-id=\"5c4d34f0\" data-element_type=\"section\" data-settings=\"{&quot;background_background&quot;:&quot;classic&quot;}\">\n\t\t\t\t\t\t\t<div class=\"elementor-background-overlay\"><\/div>\n\t\t\t\t\t\t\t<div class=\"elementor-container elementor-column-gap-default\">\n\t\t\t\t\t<div class=\"elementor-column elementor-col-100 elementor-top-column elementor-element elementor-element-59da9fc4\" data-id=\"59da9fc4\" data-element_type=\"column\">\n\t\t\t<div class=\"elementor-widget-wrap elementor-element-populated\">\n\t\t\t\t\t\t\t\t<div class=\"elementor-element elementor-element-3cf229f8 h2 elementor-widget elementor-widget-heading\" data-id=\"3cf229f8\" data-element_type=\"widget\" data-widget_type=\"heading.default\">\n\t\t\t\t<div class=\"elementor-widget-container\">\n\t\t\t<style>\/*! elementor - v3.15.0 - 20-08-2023 *\/\n.elementor-heading-title{padding:0;margin:0;line-height:1}.elementor-widget-heading .elementor-heading-title[class*=elementor-size-]>a{color:inherit;font-size:inherit;line-height:inherit}.elementor-widget-heading .elementor-heading-title.elementor-size-small{font-size:15px}.elementor-widget-heading .elementor-heading-title.elementor-size-medium{font-size:19px}.elementor-widget-heading .elementor-heading-title.elementor-size-large{font-size:29px}.elementor-widget-heading .elementor-heading-title.elementor-size-xl{font-size:39px}.elementor-widget-heading .elementor-heading-title.elementor-size-xxl{font-size:59px}<\/style><h1 class=\"elementor-heading-title elementor-size-default\">AGB<\/h1>\t\t<\/div>\n\t\t\t\t<\/div>\n\t\t\t\t\t<\/div>\n\t\t<\/div>\n\t\t\t\t\t\t\t<\/div>\n\t\t<\/section>\n\t\t\t\t\t\t<\/div>\n\t\t\t\t<\/div>\n\t\t\t\t<\/div>\n\t\t\t\t<\/div>\n\t\t\t\t\t<\/div>\n\t\t<\/div>\n\t\t\t\t\t\t\t<\/div>\n\t\t<\/section>\n\t\t\t\t<section class=\"elementor-section elementor-top-section elementor-element elementor-element-196ee23 elementor-section-boxed elementor-section-height-default elementor-section-height-default\" data-id=\"196ee23\" data-element_type=\"section\">\n\t\t\t\t\t\t<div class=\"elementor-container elementor-column-gap-default\">\n\t\t\t\t\t<div class=\"elementor-column elementor-col-100 elementor-top-column elementor-element elementor-element-0d147d7\" data-id=\"0d147d7\" data-element_type=\"column\">\n\t\t\t<div class=\"elementor-widget-wrap elementor-element-populated\">\n\t\t\t\t\t\t\t\t<div class=\"elementor-element elementor-element-3a9284d elementor-widget elementor-widget-heading\" data-id=\"3a9284d\" data-element_type=\"widget\" data-widget_type=\"heading.default\">\n\t\t\t\t<div class=\"elementor-widget-container\">\n\t\t\t<h2 class=\"elementor-heading-title elementor-size-default\">1. Anwendungsbereich<\/h2>\t\t<\/div>\n\t\t\t\t<\/div>\n\t\t\t\t<div class=\"elementor-element elementor-element-468f7ad elementor-widget elementor-widget-text-editor\" data-id=\"468f7ad\" data-element_type=\"widget\" data-widget_type=\"text-editor.default\">\n\t\t\t\t<div class=\"elementor-widget-container\">\n\t\t\t<style>\/*! elementor - v3.15.0 - 20-08-2023 *\/\n.elementor-widget-text-editor.elementor-drop-cap-view-stacked .elementor-drop-cap{background-color:#69727d;color:#fff}.elementor-widget-text-editor.elementor-drop-cap-view-framed .elementor-drop-cap{color:#69727d;border:3px solid;background-color:transparent}.elementor-widget-text-editor:not(.elementor-drop-cap-view-default) .elementor-drop-cap{margin-top:8px}.elementor-widget-text-editor:not(.elementor-drop-cap-view-default) .elementor-drop-cap-letter{width:1em;height:1em}.elementor-widget-text-editor .elementor-drop-cap{float:left;text-align:center;line-height:1;font-size:50px}.elementor-widget-text-editor .elementor-drop-cap-letter{display:inline-block}<\/style>\t\t\t\t<p>Die Gesch\u00e4ftsbedingungen von VIVA-Ferien AG in 7500 St. Moritz sind integrierter Bestandteil der Reservationsbest\u00e4tigung zwischen Ihnen als Mieter und uns als Vermittler im Auftrag des Wohnungseigent\u00fcmers.<\/p>\t\t\t\t\t\t<\/div>\n\t\t\t\t<\/div>\n\t\t\t\t<div class=\"elementor-element elementor-element-0e4e3b7 elementor-widget elementor-widget-heading\" data-id=\"0e4e3b7\" data-element_type=\"widget\" data-widget_type=\"heading.default\">\n\t\t\t\t<div class=\"elementor-widget-container\">\n\t\t\t<h2 class=\"elementor-heading-title elementor-size-default\">2. Buchung einer Ferienwohnung von VIVA-Ferien AG<\/h2>\t\t<\/div>\n\t\t\t\t<\/div>\n\t\t\t\t<div class=\"elementor-element elementor-element-a3f1075 elementor-widget elementor-widget-text-editor\" data-id=\"a3f1075\" data-element_type=\"widget\" data-widget_type=\"text-editor.default\">\n\t\t\t\t<div class=\"elementor-widget-container\">\n\t\t\t\t\t\t\t<p>Mit der Buchung einer Ferienwohnung oder Ferienhaus in schriftlicher Form, per Mail oder online schliessen Sie eine verbindliche Mietvereinbarung mit VIVA-Ferien AG als Vermittler ab. Die aufgef\u00fchrten Rechte und Pflichten werden somit f\u00fcr beide Seiten wirksam.<\/p><p><strong>2.1.\u00a0<\/strong>Mit der Zusendung unserer Reservationsbest\u00e4tigung (auch mit elektronischer Kommunikation) werden Rechte und Pflichten gem\u00e4ss unserer AGB&#8217;s rechtsg\u00fcltig. Die aufgef\u00fchrten Zahlungen m\u00fcssen fristgerecht \u00fcberwiesen werden, ansonsten wird Ihre Reservation hinf\u00e4llig und VIVA-Ferien AG hat das Recht frei \u00fcber das Ferienobjekt zu verf\u00fcgen und die Reservation ersatzlos zu stornieren. In der Grundmiete sind immer Elektrizit\u00e4t sowie Heizung inbegriffen.<\/p><p><strong>2.2.\u00a0<\/strong>Der Mieter informiert bei der Buchung \u00fcber die gebuchte Anzahl Erwachsene und Kinder (0 bis 1 Jahr sowie 2 bis 11 Jahre). Entsprechend angegebenen Personen werden die Betten bezogen. Eine \u00dcberbelegung ist nicht gestattet. Das Mietobjekt darf nicht weiter- oder untervermietet werden. Eine Zuwiderhandlung berechtigt den Vermittler zum sofortigen Entzug des Schl\u00fcssels der Ferienwohnung oder Ferienhauses w\u00e4hrend der gebuchten Periode.<\/p>\t\t\t\t\t\t<\/div>\n\t\t\t\t<\/div>\n\t\t\t\t<div class=\"elementor-element elementor-element-28c3572 elementor-widget elementor-widget-heading\" data-id=\"28c3572\" data-element_type=\"widget\" data-widget_type=\"heading.default\">\n\t\t\t\t<div class=\"elementor-widget-container\">\n\t\t\t<h2 class=\"elementor-heading-title elementor-size-default\">3. Besch\u00e4digungen\/Kaution<\/h2>\t\t<\/div>\n\t\t\t\t<\/div>\n\t\t\t\t<div class=\"elementor-element elementor-element-b4f1730 elementor-widget elementor-widget-text-editor\" data-id=\"b4f1730\" data-element_type=\"widget\" data-widget_type=\"text-editor.default\">\n\t\t\t\t<div class=\"elementor-widget-container\">\n\t\t\t\t\t\t\t<p>Inventar und Mietobjekt m\u00fcssen mit Respekt und Sorgfalt behandelt werden, die Hausordnung ist einzuhalten. Vom Mieter oder Mitbewohner verursachte Besch\u00e4digungen oder Verluste sind VIVA-Ferien AG sofort zu melden und entsprechend zu entsch\u00e4digen. Der Mieter haftet f\u00fcr allf\u00e4llige von ihm oder den Mitbewohnern verursachten Sch\u00e4den.<\/p><p><strong>3.1.\u00a0<\/strong>VIVA-Ferien AG ist berechtigt f\u00fcr das Ferienobjekt vor Anreise eine Kaution (\u00dcberweisung oder Reservation auf Kreditkarte) zu verlangen. Dies gilt als Sicherheit und wird im Normalfall innert 7 Tagen r\u00fcckverg\u00fctet. Allf\u00e4llige Sch\u00e4den, die uns nicht gemeldet wurden, sowie Nachreinigung von einem stark beschmutzten Objekt werden direkt mit der Kaution verrechnet.<\/p>\t\t\t\t\t\t<\/div>\n\t\t\t\t<\/div>\n\t\t\t\t<div class=\"elementor-element elementor-element-2e754a0 elementor-widget elementor-widget-heading\" data-id=\"2e754a0\" data-element_type=\"widget\" data-widget_type=\"heading.default\">\n\t\t\t\t<div class=\"elementor-widget-container\">\n\t\t\t<h2 class=\"elementor-heading-title elementor-size-default\">4. Anreise\/Aufenthalt\/Abreise<\/h2>\t\t<\/div>\n\t\t\t\t<\/div>\n\t\t\t\t<div class=\"elementor-element elementor-element-a81221e elementor-widget elementor-widget-text-editor\" data-id=\"a81221e\" data-element_type=\"widget\" data-widget_type=\"text-editor.default\">\n\t\t\t\t<div class=\"elementor-widget-container\">\n\t\t\t\t\t\t\t<p>Zirka 7-10 Tage vor Ihrer Anreise erhalten Sie per Email-Link Ihre Reiseunterlagen. Den Schl\u00fcssel zu Ihrer Ferienwohnung erhalten Sie gem\u00e4ss Ausschreibung in den Reiseunterlagen. Es erleichtert Ihren Ferienbeginn\/Aufenthalt, wenn Sie diese gut durchlesen.<\/p><p><strong>4.1.\u00a0<\/strong>Das Ferienobjekt wird in einem sauberen Zustand gem\u00e4ss Ausschreibung \u00fcbergeben. Falls M\u00e4ngel vorhanden sind, wenden Sie sich bitte an uns, damit wir baldm\u00f6glichst Abhilfe leisten k\u00f6nnen. W\u00e4hrend des Ferienaufenthaltes sind wir jederzeit zu unseren B\u00fcro-\u00d6ffnungszeiten in St. Moritz f\u00fcr Fragen oder Anliegen erreichbar.<\/p><p><strong>4.2.<\/strong> In allen Ferienwohnungen von VIVA-Ferien AG ist Rauchen untersagt. Haustiere sind nur erlaubt nach vorg\u00e4ngiger Absprache mit VIVA-Ferien AG.\u2003<\/p><p><strong>4.3.\u00a0<\/strong>Vor Ihrer Abreise wird ein Termin zur Schl\u00fcssel\u00fcbergabe vereinbart. Der Mieter ist verpflichtet das Objekt sauber zu halten und am Abreisetag besenrein abzugeben. Geschirr muss sauber abgewaschen und versorgt, sowie Abfalls\u00e4cke oder Leergut entsorgt sein. Es d\u00fcrfen nur vorgeschriebene, geb\u00fchrenpflichtigen Abfalls\u00e4cke (rot) verwendet werden.<\/p><p><strong>4.4.\u00a0<\/strong>Die Anreise- sowie die Abreisezeiten sind auf Ihrer Reservationsbest\u00e4tigung vermerkt. Abweichungen k\u00f6nnen nur auf Anfrage und in Ausnahmen erteilt werden. Der Mieter ist f\u00fcr die Anreisezeit pers\u00f6nlich verantwortlich. Bei Abweichungen muss VIVA-Ferien AG im voraus informiert werden.<\/p>\t\t\t\t\t\t<\/div>\n\t\t\t\t<\/div>\n\t\t\t\t<div class=\"elementor-element elementor-element-954331d elementor-widget elementor-widget-heading\" data-id=\"954331d\" data-element_type=\"widget\" data-widget_type=\"heading.default\">\n\t\t\t\t<div class=\"elementor-widget-container\">\n\t\t\t<h2 class=\"elementor-heading-title elementor-size-default\">5. Leistungs\u00e4nderung und Ersatzmiete\n<\/h2>\t\t<\/div>\n\t\t\t\t<\/div>\n\t\t\t\t<div class=\"elementor-element elementor-element-21230c8 elementor-widget elementor-widget-text-editor\" data-id=\"21230c8\" data-element_type=\"widget\" data-widget_type=\"text-editor.default\">\n\t\t\t\t<div class=\"elementor-widget-container\">\n\t\t\t\t\t\t\t<p>Bei unvorhergesehenen Umst\u00e4nden, die ausserhalb unserer Macht als Vermittler liegen und den Bezug des Mietobjektes verunm\u00f6glichen, ist VIVA-Ferien AG berechtigt, ein gleichwertiges Alternativobjekt ohne Ersatzforderungen anzubieten. Bei Ablehnung dieses Angebotes wird der bezahlte Betrag r\u00fcckverg\u00fctet. VIVA-Ferien AG ist in diesem Falle nicht schadenersatzpflichtig.<\/p>\t\t\t\t\t\t<\/div>\n\t\t\t\t<\/div>\n\t\t\t\t<div class=\"elementor-element elementor-element-3f6212a elementor-widget elementor-widget-heading\" data-id=\"3f6212a\" data-element_type=\"widget\" data-widget_type=\"heading.default\">\n\t\t\t\t<div class=\"elementor-widget-container\">\n\t\t\t<h2 class=\"elementor-heading-title elementor-size-default\">6. Internet<\/h2>\t\t<\/div>\n\t\t\t\t<\/div>\n\t\t\t\t<div class=\"elementor-element elementor-element-4504bb8 elementor-widget elementor-widget-text-editor\" data-id=\"4504bb8\" data-element_type=\"widget\" data-widget_type=\"text-editor.default\">\n\t\t\t\t<div class=\"elementor-widget-container\">\n\t\t\t\t\t\t\t<p>Alle Wohnungen von VIVA-Ferien AG\u00a0 sind mit Gratis-WLAN ausger\u00fcstet. Den Code dazu erhalten Sie mit Ihren Reiseunterlagen. Dieser ist ausschliesslich f\u00fcr den Mieter bestimmt. Auf die Leistungsst\u00e4rke und Signale hat VIVA-Ferien AG keinen Einfluss. Dem Mieter ist es untersagt verbotene Dateien zu laden, Herstellung von Verbindungen, welche Kosten oder andere Gegenleistungen verursachen. Ebenfalls ist es untersagt Einrichtungen zu benutzen die das WLAN st\u00f6ren k\u00f6nnten. Missachtungen k\u00f6nnen jeder Zeit geahndet werden.<\/p>\t\t\t\t\t\t<\/div>\n\t\t\t\t<\/div>\n\t\t\t\t<div class=\"elementor-element elementor-element-53f44d1 elementor-widget elementor-widget-heading\" data-id=\"53f44d1\" data-element_type=\"widget\" data-widget_type=\"heading.default\">\n\t\t\t\t<div class=\"elementor-widget-container\">\n\t\t\t<h2 class=\"elementor-heading-title elementor-size-default\">7. Annullation\/Versicherung<\/h2>\t\t<\/div>\n\t\t\t\t<\/div>\n\t\t\t\t\t<\/div>\n\t\t<\/div>\n\t\t\t\t\t\t\t<\/div>\n\t\t<\/section>\n\t\t\t\t<section class=\"elementor-section elementor-top-section elementor-element elementor-element-e1b7052 elementor-section-boxed elementor-section-height-default elementor-section-height-default\" data-id=\"e1b7052\" data-element_type=\"section\">\n\t\t\t\t\t\t<div class=\"elementor-container elementor-column-gap-default\">\n\t\t\t\t\t<div class=\"elementor-column elementor-col-50 elementor-top-column elementor-element elementor-element-fc95adb\" data-id=\"fc95adb\" data-element_type=\"column\">\n\t\t\t<div class=\"elementor-widget-wrap elementor-element-populated\">\n\t\t\t\t\t\t\t\t<div class=\"elementor-element elementor-element-3083668 elementor-widget elementor-widget-text-editor\" data-id=\"3083668\" data-element_type=\"widget\" data-widget_type=\"text-editor.default\">\n\t\t\t\t<div class=\"elementor-widget-container\">\n\t\t\t\t\t\t\t<p>Bei einem R\u00fccktritt von Ihrer Buchung verrechnen wir Ihnen eine Bearbeitungsgeb\u00fchr sowie folgende Annullationskosten:<br \/>&#8211; bis 60 Tage vor Mietbeginn 10% des Mietpreises+Bearbeitungsgeb\u00fchr<br \/>&#8211; von 59-30 Tagen vor Mietbeginn 50% des Mietpreises+Bearbeitungsgeb\u00fchr<br \/>&#8211; ab 29 Tagen vor Mietbeginn 100% des Mietpreises+Bearbeitungsgeb\u00fchr<\/p><p>Bei Annullation oder Umbuchung wird Ihnen eine Bearbeitungsgeb\u00fchr von CHF 180.00 verrechnet. Falls aus irgendwelchen Gr\u00fcnden die Wohnung fr\u00fchzeitig verlassen wird, bleibt der gesamte Preis geschuldet.<\/p><p><strong>In allen anderen F\u00e4llen gelten unsere normalen AGB\u2019s.<\/strong><\/p><p><strong>7.1.<\/strong>\u00a0Wir empfehlen den Abschluss einer Annullierungskosten-Versicherung sowie f\u00fcr allf\u00e4llige Sch\u00e4den eine Haftpflichtversicherung. Mit der Buchungsbest\u00e4tigung schicken wir Ihnen 2 Links zu, damit Sie die M\u00f6glichkeit haben bei Bedarf selbst eine Versicherung abzuschliessen. Hier gelten die allgemeinen Bedingungen des Versicherers.\u00a0Die Annullierungskosten-Versicherung\u00a0\u00fcbernimmt die gem\u00e4ss Vertrag geschuldeten Annullierungskosten, wenn Sie z.B. infolge Krankheit oder Unfall den Aufenthalt nicht antreten k\u00f6nnen oder vorzeitig beenden m\u00fcssen.<\/p>\t\t\t\t\t\t<\/div>\n\t\t\t\t<\/div>\n\t\t\t\t<div class=\"elementor-element elementor-element-a74dfe5 elementor-widget elementor-widget-heading\" data-id=\"a74dfe5\" data-element_type=\"widget\" data-widget_type=\"heading.default\">\n\t\t\t\t<div class=\"elementor-widget-container\">\n\t\t\t<h2 class=\"elementor-heading-title elementor-size-default\">8. Gerichtsstand und Rechtswahl<\/h2>\t\t<\/div>\n\t\t\t\t<\/div>\n\t\t\t\t<div class=\"elementor-element elementor-element-432e97f elementor-widget elementor-widget-text-editor\" data-id=\"432e97f\" data-element_type=\"widget\" data-widget_type=\"text-editor.default\">\n\t\t\t\t<div class=\"elementor-widget-container\">\n\t\t\t\t\t\t\t<p>Alle Streitigkeiten aus dem Mietverh\u00e4ltnis zwischen Ihnen und VIVA-Ferien AG untersteht Schweizer Recht. Gerichtsstand ist ausschliesslich der Gesch\u00e4ftssitz von VIVA-Ferien AG.<\/p>\t\t\t\t\t\t<\/div>\n\t\t\t\t<\/div>\n\t\t\t\t\t<\/div>\n\t\t<\/div>\n\t\t\t\t<div class=\"elementor-column elementor-col-50 elementor-top-column elementor-element elementor-element-fe7f125\" data-id=\"fe7f125\" data-element_type=\"column\">\n\t\t\t<div class=\"elementor-widget-wrap\">\n\t\t\t\t\t\t\t\t\t<\/div>\n\t\t<\/div>\n\t\t\t\t\t\t\t<\/div>\n\t\t<\/section>\n\t\t\t\t\t\t\t<\/div>\n\t\t","protected":false},"excerpt":{"rendered":"<p>1. Anwendungsbereich Die Gesch\u00e4ftsbedingungen von VIVA-Ferien AG in 7500 St. Moritz sind integrierter Bestandteil der Reservationsbest\u00e4tigung zwischen Ihnen als Mieter und uns als Vermittler im Auftrag des Wohnungseigent\u00fcmers. 2. Buchung einer Ferienwohnung von VIVA-Ferien AG Mit der Buchung einer Ferienwohnung oder Ferienhaus in schriftlicher Form, per Mail oder online schliessen Sie eine verbindliche Mietvereinbarung mit [&hellip;]<\/p>\n","protected":false},"author":1,"featured_media":0,"parent":0,"menu_order":0,"comment_status":"closed","ping_status":"closed","template":"elementor_header_footer","meta":{"_acf_changed":false,"footnotes":""},"landingpage":[],"acf":[],"yoast_head":"<!-- This site is optimized with the Yoast SEO plugin v22.3 - https:\/\/yoast.com\/wordpress\/plugins\/seo\/ -->\n<title>AGB - VIVA-Ferien<\/title>\n<meta name=\"robots\" content=\"index, follow, max-snippet:-1, max-image-preview:large, max-video-preview:-1\" \/>\n<link rel=\"canonical\" href=\"https:\/\/viva-ferien.ch\/de\/agb\/\" \/>\n<meta property=\"og:locale\" content=\"de_DE\" \/>\n<meta property=\"og:type\" content=\"article\" \/>\n<meta property=\"og:title\" content=\"AGB - VIVA-Ferien\" \/>\n<meta property=\"og:description\" content=\"1. Anwendungsbereich Die Gesch\u00e4ftsbedingungen von VIVA-Ferien AG in 7500 St. Moritz sind integrierter Bestandteil der Reservationsbest\u00e4tigung zwischen Ihnen als Mieter und uns als Vermittler im Auftrag des Wohnungseigent\u00fcmers. 2. Buchung einer Ferienwohnung von VIVA-Ferien AG Mit der Buchung einer Ferienwohnung oder Ferienhaus in schriftlicher Form, per Mail oder online schliessen Sie eine verbindliche Mietvereinbarung mit [&hellip;]\" \/>\n<meta property=\"og:url\" content=\"https:\/\/viva-ferien.ch\/de\/agb\/\" \/>\n<meta property=\"og:site_name\" content=\"VIVA-Ferien\" \/>\n<meta property=\"article:modified_time\" content=\"2024-03-22T11:05:34+00:00\" \/>\n<meta name=\"twitter:card\" content=\"summary_large_image\" \/>\n<meta name=\"twitter:label1\" content=\"Gesch\u00e4tzte Lesezeit\" \/>\n\t<meta name=\"twitter:data1\" content=\"5\u00a0Minuten\" \/>\n<script type=\"application\/ld+json\" class=\"yoast-schema-graph\">{\"@context\":\"https:\/\/schema.org\",\"@graph\":[{\"@type\":\"WebPage\",\"@id\":\"https:\/\/viva-ferien.ch\/de\/agb\/\",\"url\":\"https:\/\/viva-ferien.ch\/de\/agb\/\",\"name\":\"AGB - VIVA-Ferien\",\"isPartOf\":{\"@id\":\"https:\/\/viva-ferien.ch\/de\/#website\"},\"datePublished\":\"2022-11-14T10:31:45+00:00\",\"dateModified\":\"2024-03-22T11:05:34+00:00\",\"breadcrumb\":{\"@id\":\"https:\/\/viva-ferien.ch\/de\/agb\/#breadcrumb\"},\"inLanguage\":\"de\",\"potentialAction\":[{\"@type\":\"ReadAction\",\"target\":[\"https:\/\/viva-ferien.ch\/de\/agb\/\"]}]},{\"@type\":\"BreadcrumbList\",\"@id\":\"https:\/\/viva-ferien.ch\/de\/agb\/#breadcrumb\",\"itemListElement\":[{\"@type\":\"ListItem\",\"position\":1,\"name\":\"VIVA\",\"item\":\"https:\/\/viva-ferien.ch\/de\/\"},{\"@type\":\"ListItem\",\"position\":2,\"name\":\"AGB\"}]},{\"@type\":\"WebSite\",\"@id\":\"https:\/\/viva-ferien.ch\/de\/#website\",\"url\":\"https:\/\/viva-ferien.ch\/de\/\",\"name\":\"VIVA-Ferien\",\"description\":\"Ferienwohnungen, Rental, Immobilien, Real Estate, St. Moritz, Engadin.\",\"potentialAction\":[{\"@type\":\"SearchAction\",\"target\":{\"@type\":\"EntryPoint\",\"urlTemplate\":\"https:\/\/viva-ferien.ch\/de\/?s={search_term_string}\"},\"query-input\":\"required name=search_term_string\"}],\"inLanguage\":\"de\"}]}<\/script>\n<!-- \/ Yoast SEO plugin. -->","yoast_head_json":{"title":"AGB - VIVA-Ferien","robots":{"index":"index","follow":"follow","max-snippet":"max-snippet:-1","max-image-preview":"max-image-preview:large","max-video-preview":"max-video-preview:-1"},"canonical":"https:\/\/viva-ferien.ch\/de\/agb\/","og_locale":"de_DE","og_type":"article","og_title":"AGB - VIVA-Ferien","og_description":"1. Anwendungsbereich Die Gesch\u00e4ftsbedingungen von VIVA-Ferien AG in 7500 St. Moritz sind integrierter Bestandteil der Reservationsbest\u00e4tigung zwischen Ihnen als Mieter und uns als Vermittler im Auftrag des Wohnungseigent\u00fcmers. 2. Buchung einer Ferienwohnung von VIVA-Ferien AG Mit der Buchung einer Ferienwohnung oder Ferienhaus in schriftlicher Form, per Mail oder online schliessen Sie eine verbindliche Mietvereinbarung mit [&hellip;]","og_url":"https:\/\/viva-ferien.ch\/de\/agb\/","og_site_name":"VIVA-Ferien","article_modified_time":"2024-03-22T11:05:34+00:00","twitter_card":"summary_large_image","twitter_misc":{"Gesch\u00e4tzte Lesezeit":"5\u00a0Minuten"},"schema":{"@context":"https:\/\/schema.org","@graph":[{"@type":"WebPage","@id":"https:\/\/viva-ferien.ch\/de\/agb\/","url":"https:\/\/viva-ferien.ch\/de\/agb\/","name":"AGB - VIVA-Ferien","isPartOf":{"@id":"https:\/\/viva-ferien.ch\/de\/#website"},"datePublished":"2022-11-14T10:31:45+00:00","dateModified":"2024-03-22T11:05:34+00:00","breadcrumb":{"@id":"https:\/\/viva-ferien.ch\/de\/agb\/#breadcrumb"},"inLanguage":"de","potentialAction":[{"@type":"ReadAction","target":["https:\/\/viva-ferien.ch\/de\/agb\/"]}]},{"@type":"BreadcrumbList","@id":"https:\/\/viva-ferien.ch\/de\/agb\/#breadcrumb","itemListElement":[{"@type":"ListItem","position":1,"name":"VIVA","item":"https:\/\/viva-ferien.ch\/de\/"},{"@type":"ListItem","position":2,"name":"AGB"}]},{"@type":"WebSite","@id":"https:\/\/viva-ferien.ch\/de\/#website","url":"https:\/\/viva-ferien.ch\/de\/","name":"VIVA-Ferien","description":"Ferienwohnungen, Rental, Immobilien, Real Estate, St. Moritz, Engadin.","potentialAction":[{"@type":"SearchAction","target":{"@type":"EntryPoint","urlTemplate":"https:\/\/viva-ferien.ch\/de\/?s={search_term_string}"},"query-input":"required name=search_term_string"}],"inLanguage":"de"}]}},"_links":{"self":[{"href":"https:\/\/viva-ferien.ch\/de\/wp-json\/wp\/v2\/pages\/146"}],"collection":[{"href":"https:\/\/viva-ferien.ch\/de\/wp-json\/wp\/v2\/pages"}],"about":[{"href":"https:\/\/viva-ferien.ch\/de\/wp-json\/wp\/v2\/types\/page"}],"author":[{"embeddable":true,"href":"https:\/\/viva-ferien.ch\/de\/wp-json\/wp\/v2\/users\/1"}],"replies":[{"embeddable":true,"href":"https:\/\/viva-ferien.ch\/de\/wp-json\/wp\/v2\/comments?post=146"}],"version-history":[{"count":20,"href":"https:\/\/viva-ferien.ch\/de\/wp-json\/wp\/v2\/pages\/146\/revisions"}],"predecessor-version":[{"id":12022,"href":"https:\/\/viva-ferien.ch\/de\/wp-json\/wp\/v2\/pages\/146\/revisions\/12022"}],"wp:attachment":[{"href":"https:\/\/viva-ferien.ch\/de\/wp-json\/wp\/v2\/media?parent=146"}],"wp:term":[{"taxonomy":"landingpage","embeddable":true,"href":"https:\/\/viva-ferien.ch\/de\/wp-json\/wp\/v2\/landingpage?post=146"}],"curies":[{"name":"wp","href":"https:\/\/api.w.org\/{rel}","templated":true}]}}