{"id":11454,"date":"2023-12-13T09:06:39","date_gmt":"2023-12-13T08:06:39","guid":{"rendered":"https:\/\/viva-ferien.ch\/?page_id=11454"},"modified":"2024-02-22T08:22:05","modified_gmt":"2024-02-22T07:22:05","slug":"wohnung-kaufen-in-st-moritz-engadin","status":"publish","type":"page","link":"https:\/\/viva-ferien.ch\/de\/wohnung-kaufen-in-st-moritz-engadin\/","title":{"rendered":"Wohnung kaufen in St. Moritz"},"content":{"rendered":"\t\t<div data-elementor-type=\"wp-page\" data-elementor-id=\"11454\" class=\"elementor elementor-11454\" data-elementor-post-type=\"page\">\n\t\t\t\t\t\t\t\t\t<section class=\"elementor-section elementor-top-section elementor-element elementor-element-1f45db04 elementor-section-full_width elementor-section-height-default elementor-section-height-default\" data-id=\"1f45db04\" data-element_type=\"section\">\n\t\t\t\t\t\t<div class=\"elementor-container elementor-column-gap-default\">\n\t\t\t\t\t<div class=\"elementor-column elementor-col-100 elementor-top-column elementor-element elementor-element-121e923e\" data-id=\"121e923e\" data-element_type=\"column\">\n\t\t\t<div class=\"elementor-widget-wrap elementor-element-populated\">\n\t\t\t\t\t\t\t\t<div class=\"elementor-element elementor-element-2c6f5321 elementor-widget elementor-widget-template\" data-id=\"2c6f5321\" data-element_type=\"widget\" data-widget_type=\"template.default\">\n\t\t\t\t<div class=\"elementor-widget-container\">\n\t\t\t\t\t<div class=\"elementor-template\">\n\t\t\t\t\t<div data-elementor-type=\"section\" data-elementor-id=\"5202\" class=\"elementor elementor-5202\" data-elementor-post-type=\"elementor_library\">\n\t\t\t\t\t\t\t\t<section class=\"elementor-section elementor-top-section elementor-element elementor-element-5c4d34f0 elementor-section-height-min-height elementor-section-items-stretch hero-section elementor-section-boxed elementor-section-height-default\" data-id=\"5c4d34f0\" data-element_type=\"section\" data-settings=\"{&quot;background_background&quot;:&quot;classic&quot;}\">\n\t\t\t\t\t\t\t<div class=\"elementor-background-overlay\"><\/div>\n\t\t\t\t\t\t\t<div class=\"elementor-container elementor-column-gap-default\">\n\t\t\t\t\t<div class=\"elementor-column elementor-col-100 elementor-top-column elementor-element elementor-element-59da9fc4\" data-id=\"59da9fc4\" data-element_type=\"column\">\n\t\t\t<div class=\"elementor-widget-wrap elementor-element-populated\">\n\t\t\t\t\t\t\t\t<div class=\"elementor-element elementor-element-3cf229f8 h2 elementor-widget elementor-widget-heading\" data-id=\"3cf229f8\" data-element_type=\"widget\" data-widget_type=\"heading.default\">\n\t\t\t\t<div class=\"elementor-widget-container\">\n\t\t\t<style>\/*! elementor - v3.15.0 - 20-08-2023 *\/\n.elementor-heading-title{padding:0;margin:0;line-height:1}.elementor-widget-heading .elementor-heading-title[class*=elementor-size-]>a{color:inherit;font-size:inherit;line-height:inherit}.elementor-widget-heading .elementor-heading-title.elementor-size-small{font-size:15px}.elementor-widget-heading .elementor-heading-title.elementor-size-medium{font-size:19px}.elementor-widget-heading .elementor-heading-title.elementor-size-large{font-size:29px}.elementor-widget-heading .elementor-heading-title.elementor-size-xl{font-size:39px}.elementor-widget-heading .elementor-heading-title.elementor-size-xxl{font-size:59px}<\/style><h1 class=\"elementor-heading-title elementor-size-default\">Wohnung kaufen in St. Moritz<\/h1>\t\t<\/div>\n\t\t\t\t<\/div>\n\t\t\t\t\t<\/div>\n\t\t<\/div>\n\t\t\t\t\t\t\t<\/div>\n\t\t<\/section>\n\t\t\t\t\t\t<\/div>\n\t\t\t\t<\/div>\n\t\t\t\t<\/div>\n\t\t\t\t<\/div>\n\t\t\t\t\t<\/div>\n\t\t<\/div>\n\t\t\t\t\t\t\t<\/div>\n\t\t<\/section>\n\t\t\t\t<section class=\"elementor-section elementor-top-section elementor-element elementor-element-5ae7f47f default-container elementor-section-boxed elementor-section-height-default elementor-section-height-default\" data-id=\"5ae7f47f\" data-element_type=\"section\">\n\t\t\t\t\t\t<div class=\"elementor-container elementor-column-gap-default\">\n\t\t\t\t\t<div class=\"elementor-column elementor-col-100 elementor-top-column elementor-element elementor-element-2b2f0500\" data-id=\"2b2f0500\" data-element_type=\"column\">\n\t\t\t<div class=\"elementor-widget-wrap elementor-element-populated\">\n\t\t\t\t\t\t\t\t<div class=\"elementor-element elementor-element-4653546d elementor-widget elementor-widget-breadcrumbs\" data-id=\"4653546d\" data-element_type=\"widget\" data-widget_type=\"breadcrumbs.default\">\n\t\t\t\t<div class=\"elementor-widget-container\">\n\t\t\t<link rel=\"stylesheet\" href=\"https:\/\/viva-ferien.ch\/wp-content\/plugins\/elementor-pro\/assets\/css\/widget-theme-elements.min.css\"><p id=\"breadcrumbs\"><span><span><a href=\"https:\/\/viva-ferien.ch\/de\/\">VIVA<\/a><\/span><\/span><\/p>\t\t<\/div>\n\t\t\t\t<\/div>\n\t\t\t\t<div class=\"elementor-element elementor-element-3d5c7c69 elementor-widget elementor-widget-heading\" data-id=\"3d5c7c69\" data-element_type=\"widget\" data-widget_type=\"heading.default\">\n\t\t\t\t<div class=\"elementor-widget-container\">\n\t\t\t<h2 class=\"elementor-heading-title elementor-size-default\">Ihre Immobilie in den majest\u00e4tischen Alpen der Schweiz<\/h2>\t\t<\/div>\n\t\t\t\t<\/div>\n\t\t\t\t<div class=\"elementor-element elementor-element-b3d2fc3 elementor-widget elementor-widget-text-editor\" data-id=\"b3d2fc3\" data-element_type=\"widget\" data-widget_type=\"text-editor.default\">\n\t\t\t\t<div class=\"elementor-widget-container\">\n\t\t\t<style>\/*! elementor - v3.15.0 - 20-08-2023 *\/\n.elementor-widget-text-editor.elementor-drop-cap-view-stacked .elementor-drop-cap{background-color:#69727d;color:#fff}.elementor-widget-text-editor.elementor-drop-cap-view-framed .elementor-drop-cap{color:#69727d;border:3px solid;background-color:transparent}.elementor-widget-text-editor:not(.elementor-drop-cap-view-default) .elementor-drop-cap{margin-top:8px}.elementor-widget-text-editor:not(.elementor-drop-cap-view-default) .elementor-drop-cap-letter{width:1em;height:1em}.elementor-widget-text-editor .elementor-drop-cap{float:left;text-align:center;line-height:1;font-size:50px}.elementor-widget-text-editor .elementor-drop-cap-letter{display:inline-block}<\/style>\t\t\t\t<p>Unsere exklusive Plattform f\u00fcr den Kauf von Wohnungen in St. Moritz &#8211; Engadin, einem Juwel der Schweizer Alpen. Ber\u00fchmt f\u00fcr seinen Glamour und seiner atemberaubenden Seenlandschaft, ist St. Moritz- Engadin ein Synonym f\u00fcr Luxusleben &amp; Natursch\u00f6nheit. Unsere handverlesene Auswahl an Wohnungen spiegelt die Einzigartigkeit und den unwiderstehlichen Charme dieser renommierten alpinen Destination wider. Von den majest\u00e4tischen Gipfeln bis zu den mond\u00e4nen Boutiquen und erstklassigen Restaurants bietet St. Moritz eine Lebensqualit\u00e4t, die seinesgleichen sucht. Als Experten f\u00fcr Immobilien in dieser exklusiven Region verstehen wir die Feinheiten des Marktes und pr\u00e4sentieren Ihnen mit Stolz die ganze Palette an Wohnungen, die auch den anspruchsvollsten Standards gerecht werden. Entdecken Sie mit uns die unvergleichliche Magie von St. Moritz und finden Sie hier Ihre Traumwohnung, um das exquisite alpine Lebensgef\u00fchl in vollen Z\u00fcgen zu geniessen. Erf\u00fcllen Sie sich den Wohntraum in St. Moritz &#8211; Engadin \u2013 <strong>Wohnung kaufen in St. Moritz &#8211; Engadin<\/strong> mit uns!<\/p>\t\t\t\t\t\t<\/div>\n\t\t\t\t<\/div>\n\t\t\t\t\t<\/div>\n\t\t<\/div>\n\t\t\t\t\t\t\t<\/div>\n\t\t<\/section>\n\t\t\t\t<section class=\"elementor-section elementor-top-section elementor-element elementor-element-49c71f1c default-container elementor-section-boxed elementor-section-height-default elementor-section-height-default\" data-id=\"49c71f1c\" data-element_type=\"section\">\n\t\t\t\t\t\t<div class=\"elementor-container elementor-column-gap-default\">\n\t\t\t\t\t<div class=\"elementor-column elementor-col-100 elementor-top-column elementor-element elementor-element-533130ef\" data-id=\"533130ef\" data-element_type=\"column\">\n\t\t\t<div class=\"elementor-widget-wrap elementor-element-populated\">\n\t\t\t\t\t\t\t\t<div class=\"elementor-element elementor-element-53f0e092 elementor-widget elementor-widget-heading\" data-id=\"53f0e092\" data-element_type=\"widget\" data-widget_type=\"heading.default\">\n\t\t\t\t<div class=\"elementor-widget-container\">\n\t\t\t<h2 class=\"elementor-heading-title elementor-size-default\">Die eigene Wohnung kaufen in St. Moritz - Engadin<\/h2>\t\t<\/div>\n\t\t\t\t<\/div>\n\t\t\t\t<div class=\"elementor-element elementor-element-75a39d6d elementor-widget elementor-widget-text-editor\" data-id=\"75a39d6d\" data-element_type=\"widget\" data-widget_type=\"text-editor.default\">\n\t\t\t\t<div class=\"elementor-widget-container\">\n\t\t\t\t\t\t\t<p>Inmitten der einmaligen Alpenkulisse pr\u00e4sentiert sich St. Moritz als ein einzigartiges Zentrum f\u00fcr gehobenes Wohnen im sch\u00f6nsten hochalpinen Tal ENGADIN. Eine <strong>Wohnung kaufen in St. Moritz &#8211; Engadin<\/strong> bedeutet nicht nur den Erwerb einer Immobilie, sondern auch den Eintritt in einen exklusiven Lebensstil. Unsere sorgf\u00e4ltig ausgew\u00e4hlten Wohnungen spiegeln den unvergleichlichen Charme dieser renommierten Destination wider. Von modernen Wohnungen mit alpinem Flair und Panoramablick bis hin zu traditionellen Unterk\u00fcnften zu fairen Preisen.<\/p>\t\t\t\t\t\t<\/div>\n\t\t\t\t<\/div>\n\t\t\t\t<div class=\"elementor-element elementor-element-ea71a8e elementor-widget elementor-widget-button\" data-id=\"ea71a8e\" data-element_type=\"widget\" data-widget_type=\"button.default\">\n\t\t\t\t<div class=\"elementor-widget-container\">\n\t\t\t\t\t<div class=\"elementor-button-wrapper\">\n\t\t\t<a class=\"elementor-button elementor-button-link elementor-size-sm\" href=\"https:\/\/viva-ferien.ch\/immobilien\/de\/angebote\/\">\n\t\t\t\t\t\t<span class=\"elementor-button-content-wrapper\">\n\t\t\t\t\t\t<span class=\"elementor-button-text\">Entdecken Sie unser Angebot<\/span>\n\t\t<\/span>\n\t\t\t\t\t<\/a>\n\t\t<\/div>\n\t\t\t\t<\/div>\n\t\t\t\t<\/div>\n\t\t\t\t<div class=\"elementor-element elementor-element-61d833b elementor-widget elementor-widget-text-editor\" data-id=\"61d833b\" data-element_type=\"widget\" data-widget_type=\"text-editor.default\">\n\t\t\t\t<div class=\"elementor-widget-container\">\n\t\t\t\t\t\t\t<p>Der Immobilienmarkt in\u00a0<a title=\"https:\/\/viva-ferien.ch\/de\/ortschaften\/st-moritz\/\" href=\"https:\/\/viva-ferien.ch\/de\/ortschaften\/st-moritz\/\" data-ogsc=\"\">St. Moritz<\/a> &#8211; Engadin\u00a0zeichnet sich durch seine Exklusivit\u00e4t aus und als lokal etabliertes Unternehmen seit 1992 verstehen wir die Einzigartigkeit jedes Angebots. Unsere Expertise erm\u00f6glicht es, massgeschneiderte L\u00f6sungen zu pr\u00e4sentieren, die den anspruchsvollsten Standards gerecht werden. Eine\u00a0<strong>Wohnung kaufen in St. Moritz &#8211; Engadin<\/strong>\u00a0erfordert eine sorgf\u00e4ltige Analyse, um h\u00f6chsten Wohnkomfort und Investitionsattraktivit\u00e4t zu garantieren.<\/p><p>Tauchen Sie ein in die Welt von St. Moritz, sichern Sie sich Ihr eigenes Refugium und erleben Sie Luxus und Natur in perfekter Harmonie. Finden Sie mit uns Ihre Traumwohnung und verwirklichen Sie den Wohntraum in St. Moritz \u2013 dem Inbegriff von Eleganz und Exklusivit\u00e4t.<\/p>\t\t\t\t\t\t<\/div>\n\t\t\t\t<\/div>\n\t\t\t\t<div class=\"elementor-element elementor-element-4e82405b elementor-widget elementor-widget-spacer\" data-id=\"4e82405b\" data-element_type=\"widget\" data-widget_type=\"spacer.default\">\n\t\t\t\t<div class=\"elementor-widget-container\">\n\t\t\t<style>\/*! elementor - v3.15.0 - 20-08-2023 *\/\n.elementor-column .elementor-spacer-inner{height:var(--spacer-size)}.e-con{--container-widget-width:100%}.e-con-inner>.elementor-widget-spacer,.e-con>.elementor-widget-spacer{width:var(--container-widget-width,var(--spacer-size));--align-self:var(--container-widget-align-self,initial);--flex-shrink:0}.e-con-inner>.elementor-widget-spacer>.elementor-widget-container,.e-con-inner>.elementor-widget-spacer>.elementor-widget-container>.elementor-spacer,.e-con>.elementor-widget-spacer>.elementor-widget-container,.e-con>.elementor-widget-spacer>.elementor-widget-container>.elementor-spacer{height:100%}.e-con-inner>.elementor-widget-spacer>.elementor-widget-container>.elementor-spacer>.elementor-spacer-inner,.e-con>.elementor-widget-spacer>.elementor-widget-container>.elementor-spacer>.elementor-spacer-inner{height:var(--container-widget-height,var(--spacer-size))}<\/style>\t\t<div class=\"elementor-spacer\">\n\t\t\t<div class=\"elementor-spacer-inner\"><\/div>\n\t\t<\/div>\n\t\t\t\t<\/div>\n\t\t\t\t<\/div>\n\t\t\t\t<div class=\"elementor-element elementor-element-27d30c3 elementor-widget elementor-widget-heading\" data-id=\"27d30c3\" data-element_type=\"widget\" data-widget_type=\"heading.default\">\n\t\t\t\t<div class=\"elementor-widget-container\">\n\t\t\t<h2 class=\"elementor-heading-title elementor-size-default\">Die Exklusivit\u00e4t von St. Moritz - Engadin<\/h2>\t\t<\/div>\n\t\t\t\t<\/div>\n\t\t\t\t<div class=\"elementor-element elementor-element-4e140c30 elementor-widget elementor-widget-text-editor\" data-id=\"4e140c30\" data-element_type=\"widget\" data-widget_type=\"text-editor.default\">\n\t\t\t\t<div class=\"elementor-widget-container\">\n\t\t\t\t\t\t\t<p>Erleben Sie die unvergleichliche Exklusivit\u00e4t beim\u00a0<strong>Wohnung kaufen in St. Moritz<\/strong>\u00a0\u2013 dem Inbegriff f\u00fcr luxuri\u00f6ses Alpenleben. Unsere handverlesene Auswahl an Immobilien in dieser renommierten Region pr\u00e4sentiert sich als einzigartige Investitionsm\u00f6glichkeit. St. Moritz, ber\u00fchmt f\u00fcr seinen Glamour und seine atemberaubende Natursch\u00f6nheit, bietet nicht nur einen Wohnort, sondern ein Lebensstil-Erlebnis von h\u00f6chster Qualit\u00e4t.<\/p>\t\t\t\t\t\t<\/div>\n\t\t\t\t<\/div>\n\t\t\t\t<div class=\"elementor-element elementor-element-48014d5 elementor-widget elementor-widget-image\" data-id=\"48014d5\" data-element_type=\"widget\" data-widget_type=\"image.default\">\n\t\t\t\t<div class=\"elementor-widget-container\">\n\t\t\t<style>\/*! elementor - v3.15.0 - 20-08-2023 *\/\n.elementor-widget-image{text-align:center}.elementor-widget-image a{display:inline-block}.elementor-widget-image a img[src$=\".svg\"]{width:48px}.elementor-widget-image img{vertical-align:middle;display:inline-block}<\/style>\t\t\t\t\t\t\t\t\t\t\t\t<img loading=\"lazy\" decoding=\"async\" width=\"1024\" height=\"640\" src=\"https:\/\/viva-ferien.ch\/wp-content\/uploads\/2024\/01\/st.-moritz-1024x640.jpg\" class=\"attachment-large size-large wp-image-11673\" alt=\"\" srcset=\"https:\/\/viva-ferien.ch\/wp-content\/uploads\/2024\/01\/st.-moritz-1024x640.jpg 1024w, https:\/\/viva-ferien.ch\/wp-content\/uploads\/2024\/01\/st.-moritz-300x188.jpg 300w, https:\/\/viva-ferien.ch\/wp-content\/uploads\/2024\/01\/st.-moritz-768x480.jpg 768w, https:\/\/viva-ferien.ch\/wp-content\/uploads\/2024\/01\/st.-moritz-1536x960.jpg 1536w, https:\/\/viva-ferien.ch\/wp-content\/uploads\/2024\/01\/st.-moritz.jpg 1689w\" sizes=\"(max-width: 1024px) 100vw, 1024px\" \/>\t\t\t\t\t\t\t\t\t\t\t\t\t\t\t<\/div>\n\t\t\t\t<\/div>\n\t\t\t\t<div class=\"elementor-element elementor-element-24abfd59 elementor-widget elementor-widget-spacer\" data-id=\"24abfd59\" data-element_type=\"widget\" data-widget_type=\"spacer.default\">\n\t\t\t\t<div class=\"elementor-widget-container\">\n\t\t\t\t\t<div class=\"elementor-spacer\">\n\t\t\t<div class=\"elementor-spacer-inner\"><\/div>\n\t\t<\/div>\n\t\t\t\t<\/div>\n\t\t\t\t<\/div>\n\t\t\t\t<div class=\"elementor-element elementor-element-6e704cda elementor-widget elementor-widget-text-editor\" data-id=\"6e704cda\" data-element_type=\"widget\" data-widget_type=\"text-editor.default\">\n\t\t\t\t<div class=\"elementor-widget-container\">\n\t\t\t\t\t\t\t<p>Eine\u00a0<strong>Wohnung kaufen in St. Moritz<\/strong>\u00a0er\u00f6ffnet viele exklusive Vorz\u00fcge: Von majest\u00e4tischen Gipfeln umgeben, bieten die Immobilien ein Panorama, das seinesgleichen sucht. Die N\u00e4he zu erstklassigen Restaurants und mond\u00e4nen Boutiquen macht St. Moritz zu einem Paradies f\u00fcr Feinschmecker und Shopping-Enthusiasten. Zus\u00e4tzlich profitieren Sie von der exklusiven Lage in einem der renommiertesten Skigebiete der Welt. Nutzen Sie die Gelegenheit, direkt von Ihrer Haust\u00fcr aus, die perfekt pr\u00e4parierten Pisten und den winterlichen Zauber von St. Moritz zu erleben. Ihre\u00a0<strong>Wohnung kaufen in St. Moritz &#8211; Engadin<\/strong>\u00a0ist der Schl\u00fcssel zu luxuri\u00f6sem Wohnen und grenzenlosem Sport- und Erholungsvergn\u00fcgen.<\/p>\t\t\t\t\t\t<\/div>\n\t\t\t\t<\/div>\n\t\t\t\t<div class=\"elementor-element elementor-element-fea7f9d elementor-widget elementor-widget-button\" data-id=\"fea7f9d\" data-element_type=\"widget\" data-widget_type=\"button.default\">\n\t\t\t\t<div class=\"elementor-widget-container\">\n\t\t\t\t\t<div class=\"elementor-button-wrapper\">\n\t\t\t<a class=\"elementor-button elementor-button-link elementor-size-sm\" href=\"https:\/\/viva-ferien.ch\/immobilien\/de\/\">\n\t\t\t\t\t\t<span class=\"elementor-button-content-wrapper\">\n\t\t\t\t\t\t<span class=\"elementor-button-text\">Immobilien entdecken<\/span>\n\t\t<\/span>\n\t\t\t\t\t<\/a>\n\t\t<\/div>\n\t\t\t\t<\/div>\n\t\t\t\t<\/div>\n\t\t\t\t<div class=\"elementor-element elementor-element-e18478d elementor-widget elementor-widget-spacer\" data-id=\"e18478d\" data-element_type=\"widget\" data-widget_type=\"spacer.default\">\n\t\t\t\t<div class=\"elementor-widget-container\">\n\t\t\t\t\t<div class=\"elementor-spacer\">\n\t\t\t<div class=\"elementor-spacer-inner\"><\/div>\n\t\t<\/div>\n\t\t\t\t<\/div>\n\t\t\t\t<\/div>\n\t\t\t\t\t<\/div>\n\t\t<\/div>\n\t\t\t\t\t\t\t<\/div>\n\t\t<\/section>\n\t\t\t\t\t\t\t<\/div>\n\t\t","protected":false},"excerpt":{"rendered":"<p>Ihre Immobilie in den majest\u00e4tischen Alpen der Schweiz Unsere exklusive Plattform f\u00fcr den Kauf von Wohnungen in St. Moritz &#8211; Engadin, einem Juwel der Schweizer Alpen. Ber\u00fchmt f\u00fcr seinen Glamour und seiner atemberaubenden Seenlandschaft, ist St. Moritz- Engadin ein Synonym f\u00fcr Luxusleben &amp; Natursch\u00f6nheit. Unsere handverlesene Auswahl an Wohnungen spiegelt die Einzigartigkeit und den unwiderstehlichen [&hellip;]<\/p>\n","protected":false},"author":1,"featured_media":11826,"parent":0,"menu_order":0,"comment_status":"closed","ping_status":"closed","template":"elementor_header_footer","meta":{"_acf_changed":false,"footnotes":""},"landingpage":[44],"acf":[],"yoast_head":"<!-- This site is optimized with the Yoast SEO plugin v22.3 - https:\/\/yoast.com\/wordpress\/plugins\/seo\/ -->\n<title>Wohnung kaufen in St. Moritz - VIVA-Ferien<\/title>\n<meta name=\"description\" content=\"Eine Wohnung kaufen in St. Moritz - Engadin bedeutet nicht nur den Erwerb einer Immobilie, sondern auch den Eintritt in einen Lebensstil.\" \/>\n<meta name=\"robots\" content=\"index, follow, max-snippet:-1, max-image-preview:large, max-video-preview:-1\" \/>\n<link rel=\"canonical\" href=\"https:\/\/viva-ferien.ch\/de\/wohnung-kaufen-in-st-moritz-engadin\/\" \/>\n<meta property=\"og:locale\" content=\"de_DE\" \/>\n<meta property=\"og:type\" content=\"article\" \/>\n<meta property=\"og:title\" content=\"Wohnung kaufen in St. Moritz - VIVA-Ferien\" \/>\n<meta property=\"og:description\" content=\"Eine Wohnung kaufen in St. Moritz - Engadin bedeutet nicht nur den Erwerb einer Immobilie, sondern auch den Eintritt in einen Lebensstil.\" \/>\n<meta property=\"og:url\" content=\"https:\/\/viva-ferien.ch\/de\/wohnung-kaufen-in-st-moritz-engadin\/\" \/>\n<meta property=\"og:site_name\" content=\"VIVA-Ferien\" \/>\n<meta property=\"article:modified_time\" content=\"2024-02-22T07:22:05+00:00\" \/>\n<meta property=\"og:image\" content=\"https:\/\/viva-ferien.ch\/wp-content\/uploads\/2024\/02\/K1600_Headerbild-Ortschaft-Pontresina-scaled.jpg\" \/>\n\t<meta property=\"og:image:width\" content=\"2560\" \/>\n\t<meta property=\"og:image:height\" content=\"955\" \/>\n\t<meta property=\"og:image:type\" content=\"image\/jpeg\" \/>\n<meta name=\"twitter:card\" content=\"summary_large_image\" \/>\n<meta name=\"twitter:label1\" content=\"Gesch\u00e4tzte Lesezeit\" \/>\n\t<meta name=\"twitter:data1\" content=\"3\u00a0Minuten\" \/>\n<script type=\"application\/ld+json\" class=\"yoast-schema-graph\">{\"@context\":\"https:\/\/schema.org\",\"@graph\":[{\"@type\":\"WebPage\",\"@id\":\"https:\/\/viva-ferien.ch\/de\/wohnung-kaufen-in-st-moritz-engadin\/\",\"url\":\"https:\/\/viva-ferien.ch\/de\/wohnung-kaufen-in-st-moritz-engadin\/\",\"name\":\"Wohnung kaufen in St. Moritz - VIVA-Ferien\",\"isPartOf\":{\"@id\":\"https:\/\/viva-ferien.ch\/de\/#website\"},\"primaryImageOfPage\":{\"@id\":\"https:\/\/viva-ferien.ch\/de\/wohnung-kaufen-in-st-moritz-engadin\/#primaryimage\"},\"image\":{\"@id\":\"https:\/\/viva-ferien.ch\/de\/wohnung-kaufen-in-st-moritz-engadin\/#primaryimage\"},\"thumbnailUrl\":\"https:\/\/viva-ferien.ch\/wp-content\/uploads\/2024\/02\/K1600_Headerbild-Ortschaft-Pontresina-scaled.jpg\",\"datePublished\":\"2023-12-13T08:06:39+00:00\",\"dateModified\":\"2024-02-22T07:22:05+00:00\",\"description\":\"Eine Wohnung kaufen in St. Moritz - Engadin bedeutet nicht nur den Erwerb einer Immobilie, sondern auch den Eintritt in einen Lebensstil.\",\"breadcrumb\":{\"@id\":\"https:\/\/viva-ferien.ch\/de\/wohnung-kaufen-in-st-moritz-engadin\/#breadcrumb\"},\"inLanguage\":\"de\",\"potentialAction\":[{\"@type\":\"ReadAction\",\"target\":[\"https:\/\/viva-ferien.ch\/de\/wohnung-kaufen-in-st-moritz-engadin\/\"]}]},{\"@type\":\"ImageObject\",\"inLanguage\":\"de\",\"@id\":\"https:\/\/viva-ferien.ch\/de\/wohnung-kaufen-in-st-moritz-engadin\/#primaryimage\",\"url\":\"https:\/\/viva-ferien.ch\/wp-content\/uploads\/2024\/02\/K1600_Headerbild-Ortschaft-Pontresina-scaled.jpg\",\"contentUrl\":\"https:\/\/viva-ferien.ch\/wp-content\/uploads\/2024\/02\/K1600_Headerbild-Ortschaft-Pontresina-scaled.jpg\",\"width\":2560,\"height\":955,\"caption\":\"wohnung kaufen st moritz\"},{\"@type\":\"BreadcrumbList\",\"@id\":\"https:\/\/viva-ferien.ch\/de\/wohnung-kaufen-in-st-moritz-engadin\/#breadcrumb\",\"itemListElement\":[{\"@type\":\"ListItem\",\"position\":1,\"name\":\"VIVA\",\"item\":\"https:\/\/viva-ferien.ch\/de\/\"},{\"@type\":\"ListItem\",\"position\":2,\"name\":\"Wohnung kaufen in St. Moritz\"}]},{\"@type\":\"WebSite\",\"@id\":\"https:\/\/viva-ferien.ch\/de\/#website\",\"url\":\"https:\/\/viva-ferien.ch\/de\/\",\"name\":\"VIVA-Ferien\",\"description\":\"Ferienwohnungen, Rental, Immobilien, Real Estate, St. Moritz, Engadin.\",\"potentialAction\":[{\"@type\":\"SearchAction\",\"target\":{\"@type\":\"EntryPoint\",\"urlTemplate\":\"https:\/\/viva-ferien.ch\/de\/?s={search_term_string}\"},\"query-input\":\"required name=search_term_string\"}],\"inLanguage\":\"de\"}]}<\/script>\n<!-- \/ Yoast SEO plugin. -->","yoast_head_json":{"title":"Wohnung kaufen in St. Moritz - VIVA-Ferien","description":"Eine Wohnung kaufen in St. Moritz - Engadin bedeutet nicht nur den Erwerb einer Immobilie, sondern auch den Eintritt in einen Lebensstil.","robots":{"index":"index","follow":"follow","max-snippet":"max-snippet:-1","max-image-preview":"max-image-preview:large","max-video-preview":"max-video-preview:-1"},"canonical":"https:\/\/viva-ferien.ch\/de\/wohnung-kaufen-in-st-moritz-engadin\/","og_locale":"de_DE","og_type":"article","og_title":"Wohnung kaufen in St. Moritz - VIVA-Ferien","og_description":"Eine Wohnung kaufen in St. Moritz - Engadin bedeutet nicht nur den Erwerb einer Immobilie, sondern auch den Eintritt in einen Lebensstil.","og_url":"https:\/\/viva-ferien.ch\/de\/wohnung-kaufen-in-st-moritz-engadin\/","og_site_name":"VIVA-Ferien","article_modified_time":"2024-02-22T07:22:05+00:00","og_image":[{"width":2560,"height":955,"url":"https:\/\/viva-ferien.ch\/wp-content\/uploads\/2024\/02\/K1600_Headerbild-Ortschaft-Pontresina-scaled.jpg","type":"image\/jpeg"}],"twitter_card":"summary_large_image","twitter_misc":{"Gesch\u00e4tzte Lesezeit":"3\u00a0Minuten"},"schema":{"@context":"https:\/\/schema.org","@graph":[{"@type":"WebPage","@id":"https:\/\/viva-ferien.ch\/de\/wohnung-kaufen-in-st-moritz-engadin\/","url":"https:\/\/viva-ferien.ch\/de\/wohnung-kaufen-in-st-moritz-engadin\/","name":"Wohnung kaufen in St. Moritz - VIVA-Ferien","isPartOf":{"@id":"https:\/\/viva-ferien.ch\/de\/#website"},"primaryImageOfPage":{"@id":"https:\/\/viva-ferien.ch\/de\/wohnung-kaufen-in-st-moritz-engadin\/#primaryimage"},"image":{"@id":"https:\/\/viva-ferien.ch\/de\/wohnung-kaufen-in-st-moritz-engadin\/#primaryimage"},"thumbnailUrl":"https:\/\/viva-ferien.ch\/wp-content\/uploads\/2024\/02\/K1600_Headerbild-Ortschaft-Pontresina-scaled.jpg","datePublished":"2023-12-13T08:06:39+00:00","dateModified":"2024-02-22T07:22:05+00:00","description":"Eine Wohnung kaufen in St. Moritz - Engadin bedeutet nicht nur den Erwerb einer Immobilie, sondern auch den Eintritt in einen Lebensstil.","breadcrumb":{"@id":"https:\/\/viva-ferien.ch\/de\/wohnung-kaufen-in-st-moritz-engadin\/#breadcrumb"},"inLanguage":"de","potentialAction":[{"@type":"ReadAction","target":["https:\/\/viva-ferien.ch\/de\/wohnung-kaufen-in-st-moritz-engadin\/"]}]},{"@type":"ImageObject","inLanguage":"de","@id":"https:\/\/viva-ferien.ch\/de\/wohnung-kaufen-in-st-moritz-engadin\/#primaryimage","url":"https:\/\/viva-ferien.ch\/wp-content\/uploads\/2024\/02\/K1600_Headerbild-Ortschaft-Pontresina-scaled.jpg","contentUrl":"https:\/\/viva-ferien.ch\/wp-content\/uploads\/2024\/02\/K1600_Headerbild-Ortschaft-Pontresina-scaled.jpg","width":2560,"height":955,"caption":"wohnung kaufen st moritz"},{"@type":"BreadcrumbList","@id":"https:\/\/viva-ferien.ch\/de\/wohnung-kaufen-in-st-moritz-engadin\/#breadcrumb","itemListElement":[{"@type":"ListItem","position":1,"name":"VIVA","item":"https:\/\/viva-ferien.ch\/de\/"},{"@type":"ListItem","position":2,"name":"Wohnung kaufen in St. Moritz"}]},{"@type":"WebSite","@id":"https:\/\/viva-ferien.ch\/de\/#website","url":"https:\/\/viva-ferien.ch\/de\/","name":"VIVA-Ferien","description":"Ferienwohnungen, Rental, Immobilien, Real Estate, St. Moritz, Engadin.","potentialAction":[{"@type":"SearchAction","target":{"@type":"EntryPoint","urlTemplate":"https:\/\/viva-ferien.ch\/de\/?s={search_term_string}"},"query-input":"required name=search_term_string"}],"inLanguage":"de"}]}},"_links":{"self":[{"href":"https:\/\/viva-ferien.ch\/de\/wp-json\/wp\/v2\/pages\/11454"}],"collection":[{"href":"https:\/\/viva-ferien.ch\/de\/wp-json\/wp\/v2\/pages"}],"about":[{"href":"https:\/\/viva-ferien.ch\/de\/wp-json\/wp\/v2\/types\/page"}],"author":[{"embeddable":true,"href":"https:\/\/viva-ferien.ch\/de\/wp-json\/wp\/v2\/users\/1"}],"replies":[{"embeddable":true,"href":"https:\/\/viva-ferien.ch\/de\/wp-json\/wp\/v2\/comments?post=11454"}],"version-history":[{"count":20,"href":"https:\/\/viva-ferien.ch\/de\/wp-json\/wp\/v2\/pages\/11454\/revisions"}],"predecessor-version":[{"id":11687,"href":"https:\/\/viva-ferien.ch\/de\/wp-json\/wp\/v2\/pages\/11454\/revisions\/11687"}],"wp:featuredmedia":[{"embeddable":true,"href":"https:\/\/viva-ferien.ch\/de\/wp-json\/wp\/v2\/media\/11826"}],"wp:attachment":[{"href":"https:\/\/viva-ferien.ch\/de\/wp-json\/wp\/v2\/media?parent=11454"}],"wp:term":[{"taxonomy":"landingpage","embeddable":true,"href":"https:\/\/viva-ferien.ch\/de\/wp-json\/wp\/v2\/landingpage?post=11454"}],"curies":[{"name":"wp","href":"https:\/\/api.w.org\/{rel}","templated":true}]}}